{"id":716,"date":"2022-07-11T08:54:49","date_gmt":"2022-07-11T06:54:49","guid":{"rendered":"http:\/\/club-agile-normandie.fr\/?page_id=716"},"modified":"2025-07-07T21:03:40","modified_gmt":"2025-07-07T19:03:40","slug":"le-club","status":"publish","type":"page","link":"https:\/\/club-agile-normandie.fr\/?page_id=716","title":{"rendered":"Club Agile Normandie"},"content":{"rendered":"\n<div class=\"wp-block-columns is-layout-flex wp-container-core-columns-is-layout-9d6595d7 wp-block-columns-is-layout-flex\">\n<div class=\"wp-block-column is-layout-flow wp-block-column-is-layout-flow\" style=\"flex-basis:33.33%\"><div class=\"wp-block-image\">\n<figure class=\"aligncenter size-full is-resized\"><img loading=\"lazy\" decoding=\"async\" width=\"381\" height=\"381\" src=\"https:\/\/club-agile-normandie.fr\/wp-content\/uploads\/2022\/09\/club-agile-1.png\" alt=\"\" class=\"wp-image-4538\" style=\"width:157px;height:157px\" srcset=\"https:\/\/club-agile-normandie.fr\/wp-content\/uploads\/2022\/09\/club-agile-1.png 381w, https:\/\/club-agile-normandie.fr\/wp-content\/uploads\/2022\/09\/club-agile-1-300x300.png 300w, https:\/\/club-agile-normandie.fr\/wp-content\/uploads\/2022\/09\/club-agile-1-150x150.png 150w\" sizes=\"auto, (max-width: 381px) 100vw, 381px\" \/><\/figure>\n<\/div><\/div>\n\n\n\n<div class=\"wp-block-column is-layout-flow wp-block-column-is-layout-flow\" style=\"flex-basis:66.66%\">\n<h2 class=\"wp-block-heading\">Qui sommes-nous ?<\/h2>\n\n\n\n<p class=\"has-contrast-2-color has-text-color\"><strong>L\u2019agilit\u00e9 ne s\u2019apprend pas dans les livres <\/strong>et la mettre en pratique dans une organisation est un <strong>processus complexe qui prend du temps<\/strong>. <br><strong>Le Club Agile Normandie accompagne les organisations dans cette transformation vers l&rsquo;agilit\u00e9<\/strong>, transformation qui n\u00e9cessite <strong>exp\u00e9rimentation et acculturation<\/strong> des collaborateurs.<\/p>\n<\/div>\n<\/div>\n\n\n<div class=\"gb-container gb-container-b7e1b023\"><div class=\"gb-inside-container\">\n\n<div class=\"wp-block-columns is-layout-flex wp-container-core-columns-is-layout-9d6595d7 wp-block-columns-is-layout-flex\">\n<div class=\"wp-block-column is-layout-flow wp-block-column-is-layout-flow\" style=\"flex-basis:33.33%\">\n<p><\/p>\n<\/div>\n\n\n\n<div class=\"wp-block-column is-layout-flow wp-block-column-is-layout-flow\" style=\"flex-basis:66.66%\">\n<h2 class=\"wp-block-heading\">Devenir membre du Club Agile Normandie<\/h2>\n\n\n\n<p class=\"has-contrast-2-color has-text-color\">Devenir membre du Club Agile Normandie, c&rsquo;est <strong>d\u00e9couvrir, apprendre et exp\u00e9rimenter dans un cadre bienveillant les outils agiles <\/strong>utilis\u00e9s lors des activit\u00e9s du Club. <br><strong>Ces activit\u00e9s sont des<\/strong> <strong>ateliers pendant les <a href=\"https:\/\/club-agile-normandie.fr\/?page_id=3556\" data-type=\"page\" data-id=\"3556\" target=\"_blank\" rel=\"noreferrer noopener\">Meet-ups<\/a><\/strong>, r\u00e9unions r\u00e9guli\u00e8res du Club ouvertes \u00e0 tous, des<strong> sessions <a href=\"https:\/\/club-agile-normandie.fr\/?page_id=5903\" data-type=\"page\" data-id=\"5903\" target=\"_blank\" rel=\"noreferrer noopener\">Learn-Up<\/a> sur la conduite de projet en mode agile<\/strong>, notre grand \u00e9v\u00e8nement annuel : <a href=\"https:\/\/club-agile-normandie.fr\/?page_id=5376\" data-type=\"page\" data-id=\"5376\" target=\"_blank\" rel=\"noreferrer noopener\"><strong>le Printemps Agile<\/strong><\/a> et les <strong>interventions <\/strong>en entreprises, associations ou institutions en vue de <strong>diffuser les pratiques de l&rsquo;agilit\u00e9.<\/strong><\/p>\n\n\n\n<p class=\"has-contrast-2-color has-text-color\"><strong>En venant aux \u00e9v\u00e8nements organis\u00e9s par le Club<\/strong> (Meet-ups, Learn-up, Printemps Agile, \u00e9v\u00e8nements partenaires), les membres des organisations peuvent ainsi <strong>d\u00e9couvrir la philosophie agile, ressentir l\u2019ambiance d\u2019une organisation agile, s\u2019initier \u00e0 de nouvelles pratiques<\/strong>, &#8230;<\/p>\n\n\n\n<p class=\"has-contrast-2-color has-text-color\"><strong>En devenant membre du Club, vous manifestez votre soutien <\/strong>et <strong>pourrez participer \u00e0 l&rsquo;organisation, voire l&rsquo;animation,<\/strong> des \u00e9v\u00e8nements du Club (Meet-ups, Learn-Up, Printemps Agile, &#8230;). <br><strong>La <a href=\"https:\/\/www.helloasso.com\/associations\/club-agile-normandie\/adhesions\/adhesion-au-club-agile-normandie-2025-2026\" target=\"_blank\" rel=\"noreferrer noopener\">cotisation annuelle<\/a> pour devenir membre est de 10\u20ac.<\/strong><\/p>\n\n\n<div class=\"gb-container gb-container-7ca42d66\">\n\n<div class=\"wp-block-buttons is-layout-flex wp-block-buttons-is-layout-flex\">\n<div class=\"wp-block-button\"><a class=\"wp-block-button__link wp-element-button\" href=\"https:\/\/www.helloasso.com\/associations\/club-agile-normandie\/adhesions\/adhesion-au-club-agile-normandie-2025-2026\" style=\"border-radius:0px\" target=\"_blank\" rel=\"noreferrer noopener\">Pour adh\u00e9rer au Club &gt;<\/a><\/div>\n<\/div>\n\n\n\n<p><\/p>\n\n\n\n<p><\/p>\n\n\n\n<div class=\"wp-block-buttons is-layout-flex wp-block-buttons-is-layout-flex\">\n<div class=\"wp-block-button\"><a class=\"wp-block-button__link wp-element-button\" href=\"https:\/\/www.helloasso.com\/associations\/club-agile-normandie\/formulaires\/1\" style=\"border-radius:0px\" target=\"_blank\" rel=\"noreferrer noopener\">Pour soutenir le Club &gt;<\/a><\/div>\n<\/div>\n\n<\/div><\/div>\n<\/div>\n\n<\/div><\/div>\n\n<div class=\"gb-container gb-container-0f7cdd1d\"><div class=\"gb-inside-container\"><\/div><\/div>","protected":false},"excerpt":{"rendered":"<p>Qui sommes-nous ? L\u2019agilit\u00e9 ne s\u2019apprend pas dans les livres et la mettre en pratique dans une organisation est un processus complexe qui prend du temps. Le Club Agile Normandie accompagne les organisations dans cette transformation vers l&rsquo;agilit\u00e9, transformation qui n\u00e9cessite exp\u00e9rimentation et acculturation des collaborateurs. Devenir membre du Club Agile Normandie Devenir membre du &#8230; <a title=\"Club Agile Normandie\" class=\"read-more\" href=\"https:\/\/club-agile-normandie.fr\/?page_id=716\" aria-label=\"Plus sur Club Agile Normandie\">Lire plus<\/a><\/p>\n","protected":false},"author":1,"featured_media":0,"parent":0,"menu_order":0,"comment_status":"closed","ping_status":"closed","template":"","meta":{"_themeisle_gutenberg_block_has_review":false,"footnotes":""},"class_list":["post-716","page","type-page","status-publish"],"_links":{"self":[{"href":"https:\/\/club-agile-normandie.fr\/index.php?rest_route=\/wp\/v2\/pages\/716","targetHints":{"allow":["GET"]}}],"collection":[{"href":"https:\/\/club-agile-normandie.fr\/index.php?rest_route=\/wp\/v2\/pages"}],"about":[{"href":"https:\/\/club-agile-normandie.fr\/index.php?rest_route=\/wp\/v2\/types\/page"}],"author":[{"embeddable":true,"href":"https:\/\/club-agile-normandie.fr\/index.php?rest_route=\/wp\/v2\/users\/1"}],"replies":[{"embeddable":true,"href":"https:\/\/club-agile-normandie.fr\/index.php?rest_route=%2Fwp%2Fv2%2Fcomments&post=716"}],"version-history":[{"count":39,"href":"https:\/\/club-agile-normandie.fr\/index.php?rest_route=\/wp\/v2\/pages\/716\/revisions"}],"predecessor-version":[{"id":6369,"href":"https:\/\/club-agile-normandie.fr\/index.php?rest_route=\/wp\/v2\/pages\/716\/revisions\/6369"}],"wp:attachment":[{"href":"https:\/\/club-agile-normandie.fr\/index.php?rest_route=%2Fwp%2Fv2%2Fmedia&parent=716"}],"curies":[{"name":"wp","href":"https:\/\/api.w.org\/{rel}","templated":true}]}}