{"id":6449,"date":"2026-02-10T08:00:00","date_gmt":"2026-02-10T07:00:00","guid":{"rendered":"https:\/\/club-agile-normandie.fr\/?page_id=6449"},"modified":"2026-02-10T14:26:19","modified_gmt":"2026-02-10T13:26:19","slug":"sinscrire-au-printemps-agile-2026","status":"publish","type":"page","link":"https:\/\/club-agile-normandie.fr\/?page_id=6449","title":{"rendered":"S&rsquo;inscrire au Printemps Agile 2026"},"content":{"rendered":"<div class=\"gb-container gb-container-f747b17d\">\n<div class=\"gb-container gb-container-4aa2b63a\"><div class=\"gb-inside-container\">\n\n<p><\/p>\n\n\n\n<h2 class=\"wp-block-heading\"><strong>A LIRE AVANT DE VOUS INSCRIRE <\/strong><\/h2>\n\n\n\n<p><\/p>\n\n\n\n<ol class=\"wp-block-list\">\n<li><strong>Vous pouvez vous inscrire \u00e0 2 sessions soumises \u00e0 inscription<\/strong>. <br>Si des sessions sont au complet, <strong>ne vous inqui\u00e9tez pas,<\/strong> des listes d&rsquo;attente seront mises en place \u00e0 votre arriv\u00e9e le jour du Printemps Agile au poste d&rsquo;Accueil d\u00e9di\u00e9. Cela permet de r\u00e9-attribuer les places lib\u00e9r\u00e9es par les absents.<\/li>\n\n\n\n<li>Cette ann\u00e9e, la <strong>conf\u00e9rence inaugurale <\/strong>est aussi sur <strong>inscription<\/strong> <strong>en plus des 2 sessions<\/strong>. <br><strong>Toutes les autres conf\u00e9rences de la journ\u00e9e restent en acc\u00e8s libre.<\/strong><\/li>\n\n\n\n<li class=\"has-accent-background-color has-background\"><strong>D\u00e8s validation de votre inscription<\/strong>, vous recevrez un SMS et un mail de confirmation de votre inscription et votre lien de connexion. <br><strong>GARDER CE MAIL PRECIEUSEMENT CAR CE LIEN EST INDISPENSABLE POUR TOUT AJOUT, MODIFICATION, OU DESINSCRIPTION<\/strong>.<\/li>\n<\/ol>\n\n\n\n<p class=\"has-contrast-color has-text-color has-link-color wp-elements-8f00125b14709d7e8c4b3afd5904e598\"><strong>N.B. : Si les sessions que vous souhaitez sont au complet, pas de panique !! D\u00e8s votre arriv\u00e9e au MoHo le 24 mars, il sera possible de vous inscrire sur liste d&rsquo;attente par session. Ces places seront attribu\u00e9es en fonction des d\u00e9sistements de derni\u00e8re minute : voir ci-dessous<\/strong>.<\/p>\n\n\n\n<h2 class=\"wp-block-heading\"><strong>!! ATTENTION !!  <\/strong><\/h2>\n\n\n\n<p class=\"has-accent-background-color has-background\"><strong>IL VOUS FAUDRA VALIDER VOTRE PRESENCE DES VOTRE ARRIVEE AU MOHO POUR GARANTIR LA RESERVATION DE VOS SESSIONS DE LA JOURNEE ! <\/strong><br><strong>Si vous n&rsquo;avez pas valid\u00e9 votre pr\u00e9sence d\u00e8s votre arriv\u00e9e, vos inscriptions seront annul\u00e9es 15 minutes avant le d\u00e9but des sessions<\/strong> afin de permettre \u00e0 des personnes sur liste d&rsquo;attente de pouvoir y participer. <br>Merci pour votre compr\u00e9hension.<\/p>\n\n\n\n<p><\/p>\n\n\n\n<h2 class=\"wp-block-heading\">NOTA BENE<\/h2>\n\n\n\n<p><strong>Si vous ne recevez pas de mail de confirmation dans la journ\u00e9e <\/strong>(parfois il n&rsquo;arrive pas tout de suite), merci de v\u00e9rifier que votre anti-spam ne l&rsquo;a pas plac\u00e9 parmi vos ind\u00e9sirables avant de nous \u00e9crire \u00e0&nbsp;<a href=\"mailto:inscriptionspa@club-agile-normandie.fr\" target=\"_blank\" rel=\"noreferrer noopener\">inscriptionspa@club-agile-normandie.fr<\/a> ou de nous t\u00e9l\u00e9phoner au 07 66 08 14 32.<\/p>\n\n\n\n<div class=\"wp-block-buttons is-layout-flex wp-block-buttons-is-layout-flex\">\n<div class=\"wp-block-button\"><a class=\"wp-block-button__link wp-element-button\" href=\"https:\/\/club-agile-normandie.fr\/?page_id=6453\" style=\"border-radius:0px\" target=\"_blank\" rel=\"noreferrer noopener\">Programme &gt;<\/a><\/div>\n<\/div>\n\n<\/div><\/div>\n<\/div>\n\n\n<p><\/p>\n\n\n\n<div class=\"wp-block-buttons is-layout-flex wp-block-buttons-is-layout-flex\">\n<div class=\"wp-block-button\"><a class=\"wp-block-button__link wp-element-button\" href=\"https:\/\/printempsagile.fr\/\" style=\"border-radius:0px\" target=\"_blank\" rel=\"noreferrer noopener\">S&rsquo;inscrire au Printemps Agile 2026  &gt;<\/a><\/div>\n<\/div>\n\n\n\n<p><\/p>\n\n\n\n<div class=\"wp-block-buttons is-layout-flex wp-block-buttons-is-layout-flex\">\n<div class=\"wp-block-button\"><a class=\"wp-block-button__link wp-element-button\" href=\"https:\/\/club-agile-normandie.fr\/?page_id=6365\" style=\"border-radius:0px\" target=\"_blank\" rel=\"noreferrer noopener\">Soutenir le Club Agile Normandie &gt;<\/a><\/div>\n<\/div>\n\n\n\n<h2 class=\"wp-block-heading\"><\/h2>\n\n\n\n<h2 class=\"wp-block-heading has-text-align-left\"><\/h2>\n\n\n\n<p><\/p>\n","protected":false},"excerpt":{"rendered":"<p>A LIRE AVANT DE VOUS INSCRIRE N.B. : Si les sessions que vous souhaitez sont au complet, pas de panique !! D\u00e8s votre arriv\u00e9e au MoHo le 24 mars, il sera possible de vous inscrire sur liste d&rsquo;attente par session. Ces places seront attribu\u00e9es en fonction des d\u00e9sistements de derni\u00e8re minute : voir ci-dessous. !! &#8230; <a title=\"S&rsquo;inscrire au Printemps Agile 2026\" class=\"read-more\" href=\"https:\/\/club-agile-normandie.fr\/?page_id=6449\" aria-label=\"Plus sur S&rsquo;inscrire au Printemps Agile 2026\">Lire plus<\/a><\/p>\n","protected":false},"author":7,"featured_media":0,"parent":0,"menu_order":0,"comment_status":"closed","ping_status":"closed","template":"","meta":{"_themeisle_gutenberg_block_has_review":false,"footnotes":""},"class_list":["post-6449","page","type-page","status-publish"],"_links":{"self":[{"href":"https:\/\/club-agile-normandie.fr\/index.php?rest_route=\/wp\/v2\/pages\/6449","targetHints":{"allow":["GET"]}}],"collection":[{"href":"https:\/\/club-agile-normandie.fr\/index.php?rest_route=\/wp\/v2\/pages"}],"about":[{"href":"https:\/\/club-agile-normandie.fr\/index.php?rest_route=\/wp\/v2\/types\/page"}],"author":[{"embeddable":true,"href":"https:\/\/club-agile-normandie.fr\/index.php?rest_route=\/wp\/v2\/users\/7"}],"replies":[{"embeddable":true,"href":"https:\/\/club-agile-normandie.fr\/index.php?rest_route=%2Fwp%2Fv2%2Fcomments&post=6449"}],"version-history":[{"count":12,"href":"https:\/\/club-agile-normandie.fr\/index.php?rest_route=\/wp\/v2\/pages\/6449\/revisions"}],"predecessor-version":[{"id":6544,"href":"https:\/\/club-agile-normandie.fr\/index.php?rest_route=\/wp\/v2\/pages\/6449\/revisions\/6544"}],"wp:attachment":[{"href":"https:\/\/club-agile-normandie.fr\/index.php?rest_route=%2Fwp%2Fv2%2Fmedia&parent=6449"}],"curies":[{"name":"wp","href":"https:\/\/api.w.org\/{rel}","templated":true}]}}