{"id":6445,"date":"2026-02-10T08:07:50","date_gmt":"2026-02-10T07:07:50","guid":{"rendered":"https:\/\/club-agile-normandie.fr\/?page_id=6445"},"modified":"2026-02-10T14:17:18","modified_gmt":"2026-02-10T13:17:18","slug":"printemps-agile-2026-14","status":"publish","type":"page","link":"https:\/\/club-agile-normandie.fr\/?page_id=6445","title":{"rendered":"Printemps Agile 2026 #14"},"content":{"rendered":"\n<figure class=\"gb-block-image gb-block-image-70b58c03\"><img loading=\"lazy\" decoding=\"async\" width=\"1024\" height=\"256\" class=\"gb-image gb-image-70b58c03\" src=\"https:\/\/club-agile-normandie.fr\/wp-content\/uploads\/2025\/09\/PA2026_Bandeau_v2-1024x256.jpg\" alt=\"\" title=\"PA2026_Bandeau_v2\" srcset=\"https:\/\/club-agile-normandie.fr\/wp-content\/uploads\/2025\/09\/PA2026_Bandeau_v2-1024x256.jpg 1024w, https:\/\/club-agile-normandie.fr\/wp-content\/uploads\/2025\/09\/PA2026_Bandeau_v2-300x75.jpg 300w, https:\/\/club-agile-normandie.fr\/wp-content\/uploads\/2025\/09\/PA2026_Bandeau_v2-768x192.jpg 768w, https:\/\/club-agile-normandie.fr\/wp-content\/uploads\/2025\/09\/PA2026_Bandeau_v2-1536x384.jpg 1536w, https:\/\/club-agile-normandie.fr\/wp-content\/uploads\/2025\/09\/PA2026_Bandeau_v2.jpg 1584w\" sizes=\"auto, (max-width: 1024px) 100vw, 1024px\" \/><\/figure>\n\n\n\n<h1 class=\"wp-block-heading has-text-align-center\">MARDI 24 MARS 2026 au MoHo, <br>Rives de l&rsquo;Orne, Caen<\/h1>\n\n\n\n<h2 class=\"wp-block-heading has-text-align-center\">16 bis Quai Amiral Hamelin<\/h2>\n\n\n\n<p class=\"has-text-align-center has-large-font-size\"><strong>Les inscriptions sont ouvertes !<\/strong><\/p>\n\n\n\n<p class=\"has-text-align-center\"><strong>L&rsquo;inscription est gratuite<\/strong>  <\/p>\n\n\n\n<p class=\"has-text-align-center\"><strong>Par cr\u00e9neau horaire :<\/strong><br>2 \u00e0 4\u00a0conf\u00e9rences sont\u00a0en acc\u00e8s libre (sans r\u00e9servation)<br>5 \u00e0 6 sessions \u00e0 effectif limit\u00e9 sont accessibles\u00a0sur r\u00e9servation <\/p>\n\n\n\n<p class=\"has-text-align-center\">R\u00e9servation limit\u00e9e \u00e0 2 sessions\u00a0maximum par personne sur la journ\u00e9e (hors conf\u00e9rence inaugurale)<br>Nouveaut\u00e9 cette ann\u00e9e, une conf\u00e9rence inaugurale sur inscription  est r\u00e9servable\u00a0<strong>en plus des 2\u00a0sessions<\/strong><br><br>En plus des conf\u00e9rences en acc\u00e8s libre et\/ou des ateliers choisis, des temps de pause pour \u00e9changer, s&rsquo;informer et partager.<br><\/p>\n\n\n\n<p><\/p>\n\n\n\n<div class=\"wp-block-buttons is-layout-flex wp-block-buttons-is-layout-flex\">\n<div class=\"wp-block-button\"><a class=\"wp-block-button__link wp-element-button\" href=\"https:\/\/club-agile-normandie.fr\/?page_id=6453\" style=\"border-radius:0px\" target=\"_blank\" rel=\"noreferrer noopener\">Voir le programme de la journ\u00e9e &gt;<\/a><\/div>\n<\/div>\n\n\n\n<p><\/p>\n\n\n<div class=\"gb-container gb-container-84d2f00f\"><div class=\"gb-inside-container\"><\/div><\/div>\n\n\n<p><\/p>\n\n\n\n<div class=\"wp-block-buttons is-layout-flex wp-block-buttons-is-layout-flex\">\n<div class=\"wp-block-button\"><a class=\"wp-block-button__link wp-element-button\" href=\"https:\/\/club-agile-normandie.fr\/?page_id=6449\" style=\"border-radius:0px\" target=\"_blank\" rel=\"noreferrer noopener\">S&rsquo;inscrire &gt;<\/a><\/div>\n<\/div>\n\n\n\n<p><\/p>\n\n\n\n<p class=\"has-contrast-2-color has-text-color\">Le Printemps Agile est une journ\u00e9e annuelle ouverte \u00e0 tous et gratuite d\u00e9di\u00e9e \u00e0 l\u2019agilit\u00e9 sous toutes ses formes. cet \u00e9v\u00e8nement phare organis\u00e9 par le Club Agile Normandie a pour vocation de diffuser cette approche manag\u00e9riale aupr\u00e8s des \u00e9tudiants et des professionnels de tous horizons.&nbsp;<\/p>\n\n\n\n<p class=\"has-contrast-2-color has-text-color\">Des conf\u00e9rences et des ateliers adapt\u00e9s \u00e0 tous les niveaux de connaissance ponctuent cette journ\u00e9e. Ils permettent de d\u00e9couvrir, se former, de b\u00e9n\u00e9ficier de retour d&rsquo;exp\u00e9rience sur l&rsquo;agilit\u00e9 par :<br>&#8211; des sessions \u00ab\u00a0d\u00e9couverte\u00a0\u00bb, <br>&#8211; des t\u00e9moignages de management agile,<br>&#8211; la pr\u00e9sentation d&rsquo;outils de d\u00e9veloppement agiles,<br>&#8211; et tout atelier permettant d&rsquo;exp\u00e9rimenter l&rsquo;\u00e9tat d&rsquo;esprit et les outils de l&rsquo;agilit\u00e9.<\/p>\n\n\n\n<p class=\"has-contrast-2-color has-text-color\">Le Printemps Agile s&rsquo;adresse \u00e0 toute personne curieuse ou d\u00e9j\u00e0 sp\u00e9cialiste de l&rsquo;agilit\u00e9. <br>C\u2019est l\u2019occasion de venir exp\u00e9rimenter l\u2019agilit\u00e9 avec des intervenants venus de toute la France.&nbsp;<\/p>\n\n\n\n<p class=\"has-contrast-2-color has-text-color\">Le rendez-vous avec le Printemps Agile est fix\u00e9 \u00e0 l&rsquo;approche du printemps de chaque ann\u00e9e. <\/p>\n\n\n\n<p class=\"has-contrast-2-color has-text-color\">Suivez toutes les actualit\u00e9s sur notre page&nbsp;<a href=\"https:\/\/www.instagram.com\/clubagilenormandie\/\" data-type=\"link\" data-id=\"https:\/\/www.instagram.com\/clubagilenormandie\/\" target=\"_blank\" rel=\"noreferrer noopener\">Instagram<\/a>&nbsp;et sur <a href=\"https:\/\/www.linkedin.com\/search\/results\/all\/?fetchDeterministicClustersOnly=true&amp;heroEntityKey=urn%3Ali%3Aorganization%3A30588790&amp;keywords=club%20agile%20normandie&amp;origin=RICH_QUERY_SUGGESTION&amp;position=0&amp;searchId=df0f35ee-410f-42f8-ae05-dbef94c3a950&amp;sid=QvL&amp;spellCorrectionEnabled=false\" target=\"_blank\" rel=\"noreferrer noopener\">Linkedin <\/a><\/p>\n\n\n\n<figure class=\"wp-block-gallery has-nested-images columns-default is-cropped wp-block-gallery-1 is-layout-flex wp-block-gallery-is-layout-flex\">\n<figure class=\"wp-block-image size-large\"><img loading=\"lazy\" decoding=\"async\" width=\"1024\" height=\"683\" data-id=\"4194\" src=\"http:\/\/club-agile-normandie.fr\/wp-content\/uploads\/2022\/09\/PA2022_01_Amphi_10h_Beaussant_PJC_6162_HD-1024x683.jpg\" alt=\"\" class=\"wp-image-4194\" srcset=\"https:\/\/club-agile-normandie.fr\/wp-content\/uploads\/2022\/09\/PA2022_01_Amphi_10h_Beaussant_PJC_6162_HD-1024x683.jpg 1024w, https:\/\/club-agile-normandie.fr\/wp-content\/uploads\/2022\/09\/PA2022_01_Amphi_10h_Beaussant_PJC_6162_HD-300x200.jpg 300w, https:\/\/club-agile-normandie.fr\/wp-content\/uploads\/2022\/09\/PA2022_01_Amphi_10h_Beaussant_PJC_6162_HD-768x512.jpg 768w, https:\/\/club-agile-normandie.fr\/wp-content\/uploads\/2022\/09\/PA2022_01_Amphi_10h_Beaussant_PJC_6162_HD-1536x1024.jpg 1536w, https:\/\/club-agile-normandie.fr\/wp-content\/uploads\/2022\/09\/PA2022_01_Amphi_10h_Beaussant_PJC_6162_HD-2048x1365.jpg 2048w\" sizes=\"auto, (max-width: 1024px) 100vw, 1024px\" \/><\/figure>\n\n\n\n<figure class=\"wp-block-image size-large\"><img loading=\"lazy\" decoding=\"async\" width=\"1024\" height=\"683\" data-id=\"4196\" src=\"http:\/\/club-agile-normandie.fr\/wp-content\/uploads\/2022\/09\/PA2022_21_Atelier5_14h30_Deroubaix_PJC_6862_HD-1024x683.jpg\" alt=\"\" class=\"wp-image-4196\" srcset=\"https:\/\/club-agile-normandie.fr\/wp-content\/uploads\/2022\/09\/PA2022_21_Atelier5_14h30_Deroubaix_PJC_6862_HD-1024x683.jpg 1024w, https:\/\/club-agile-normandie.fr\/wp-content\/uploads\/2022\/09\/PA2022_21_Atelier5_14h30_Deroubaix_PJC_6862_HD-300x200.jpg 300w, https:\/\/club-agile-normandie.fr\/wp-content\/uploads\/2022\/09\/PA2022_21_Atelier5_14h30_Deroubaix_PJC_6862_HD-768x512.jpg 768w, https:\/\/club-agile-normandie.fr\/wp-content\/uploads\/2022\/09\/PA2022_21_Atelier5_14h30_Deroubaix_PJC_6862_HD-1536x1024.jpg 1536w, https:\/\/club-agile-normandie.fr\/wp-content\/uploads\/2022\/09\/PA2022_21_Atelier5_14h30_Deroubaix_PJC_6862_HD-2048x1365.jpg 2048w\" sizes=\"auto, (max-width: 1024px) 100vw, 1024px\" \/><\/figure>\n\n\n\n<figure class=\"wp-block-image size-large\"><img loading=\"lazy\" decoding=\"async\" width=\"1024\" height=\"683\" data-id=\"4198\" src=\"http:\/\/club-agile-normandie.fr\/wp-content\/uploads\/2022\/09\/PA2022_0_Organisation_PJC_5979_HD-1-1024x683.jpg\" alt=\"\" class=\"wp-image-4198\" srcset=\"https:\/\/club-agile-normandie.fr\/wp-content\/uploads\/2022\/09\/PA2022_0_Organisation_PJC_5979_HD-1-1024x683.jpg 1024w, https:\/\/club-agile-normandie.fr\/wp-content\/uploads\/2022\/09\/PA2022_0_Organisation_PJC_5979_HD-1-300x200.jpg 300w, https:\/\/club-agile-normandie.fr\/wp-content\/uploads\/2022\/09\/PA2022_0_Organisation_PJC_5979_HD-1-768x512.jpg 768w, https:\/\/club-agile-normandie.fr\/wp-content\/uploads\/2022\/09\/PA2022_0_Organisation_PJC_5979_HD-1-1536x1024.jpg 1536w, https:\/\/club-agile-normandie.fr\/wp-content\/uploads\/2022\/09\/PA2022_0_Organisation_PJC_5979_HD-1-2048x1365.jpg 2048w\" sizes=\"auto, (max-width: 1024px) 100vw, 1024px\" \/><\/figure>\n\n\n\n<figure class=\"wp-block-image size-large\"><img loading=\"lazy\" decoding=\"async\" width=\"1024\" height=\"683\" data-id=\"4203\" src=\"http:\/\/club-agile-normandie.fr\/wp-content\/uploads\/2022\/09\/PA2022_12_Atelier3_11h30_Rabaux_PJC_6492_HD-1-1024x683.jpg\" alt=\"\" class=\"wp-image-4203\" srcset=\"https:\/\/club-agile-normandie.fr\/wp-content\/uploads\/2022\/09\/PA2022_12_Atelier3_11h30_Rabaux_PJC_6492_HD-1-1024x683.jpg 1024w, https:\/\/club-agile-normandie.fr\/wp-content\/uploads\/2022\/09\/PA2022_12_Atelier3_11h30_Rabaux_PJC_6492_HD-1-300x200.jpg 300w, https:\/\/club-agile-normandie.fr\/wp-content\/uploads\/2022\/09\/PA2022_12_Atelier3_11h30_Rabaux_PJC_6492_HD-1-768x512.jpg 768w, https:\/\/club-agile-normandie.fr\/wp-content\/uploads\/2022\/09\/PA2022_12_Atelier3_11h30_Rabaux_PJC_6492_HD-1-1536x1024.jpg 1536w, https:\/\/club-agile-normandie.fr\/wp-content\/uploads\/2022\/09\/PA2022_12_Atelier3_11h30_Rabaux_PJC_6492_HD-1-2048x1365.jpg 2048w\" sizes=\"auto, (max-width: 1024px) 100vw, 1024px\" \/><\/figure>\n\n\n\n<figure class=\"wp-block-image size-large\"><img loading=\"lazy\" decoding=\"async\" width=\"1024\" height=\"683\" data-id=\"4199\" src=\"http:\/\/club-agile-normandie.fr\/wp-content\/uploads\/2022\/09\/PA2022_0_Organisation_PJC_6035_HD-1-1024x683.jpg\" alt=\"\" class=\"wp-image-4199\" srcset=\"https:\/\/club-agile-normandie.fr\/wp-content\/uploads\/2022\/09\/PA2022_0_Organisation_PJC_6035_HD-1-1024x683.jpg 1024w, https:\/\/club-agile-normandie.fr\/wp-content\/uploads\/2022\/09\/PA2022_0_Organisation_PJC_6035_HD-1-300x200.jpg 300w, https:\/\/club-agile-normandie.fr\/wp-content\/uploads\/2022\/09\/PA2022_0_Organisation_PJC_6035_HD-1-768x512.jpg 768w, https:\/\/club-agile-normandie.fr\/wp-content\/uploads\/2022\/09\/PA2022_0_Organisation_PJC_6035_HD-1-1536x1024.jpg 1536w, https:\/\/club-agile-normandie.fr\/wp-content\/uploads\/2022\/09\/PA2022_0_Organisation_PJC_6035_HD-1-2048x1365.jpg 2048w\" sizes=\"auto, (max-width: 1024px) 100vw, 1024px\" \/><\/figure>\n\n\n\n<figure class=\"wp-block-image size-large\"><img loading=\"lazy\" decoding=\"async\" width=\"683\" height=\"1024\" data-id=\"4193\" src=\"http:\/\/club-agile-normandie.fr\/wp-content\/uploads\/2022\/09\/PA2022_0_Organisation_PJC_6021_HD-683x1024.jpg\" alt=\"\" class=\"wp-image-4193\" srcset=\"https:\/\/club-agile-normandie.fr\/wp-content\/uploads\/2022\/09\/PA2022_0_Organisation_PJC_6021_HD-683x1024.jpg 683w, https:\/\/club-agile-normandie.fr\/wp-content\/uploads\/2022\/09\/PA2022_0_Organisation_PJC_6021_HD-200x300.jpg 200w, https:\/\/club-agile-normandie.fr\/wp-content\/uploads\/2022\/09\/PA2022_0_Organisation_PJC_6021_HD-768x1152.jpg 768w, https:\/\/club-agile-normandie.fr\/wp-content\/uploads\/2022\/09\/PA2022_0_Organisation_PJC_6021_HD-1024x1536.jpg 1024w, https:\/\/club-agile-normandie.fr\/wp-content\/uploads\/2022\/09\/PA2022_0_Organisation_PJC_6021_HD-1365x2048.jpg 1365w, https:\/\/club-agile-normandie.fr\/wp-content\/uploads\/2022\/09\/PA2022_0_Organisation_PJC_6021_HD-scaled.jpg 1707w\" sizes=\"auto, (max-width: 683px) 100vw, 683px\" \/><\/figure>\n<figcaption class=\"blocks-gallery-caption wp-element-caption\"><br><\/figcaption><\/figure>\n\n\n\n<p><\/p>\n","protected":false},"excerpt":{"rendered":"<p>MARDI 24 MARS 2026 au MoHo, Rives de l&rsquo;Orne, Caen 16 bis Quai Amiral Hamelin Les inscriptions sont ouvertes ! L&rsquo;inscription est gratuite Par cr\u00e9neau horaire :2 \u00e0 4\u00a0conf\u00e9rences sont\u00a0en acc\u00e8s libre (sans r\u00e9servation)5 \u00e0 6 sessions \u00e0 effectif limit\u00e9 sont accessibles\u00a0sur r\u00e9servation R\u00e9servation limit\u00e9e \u00e0 2 sessions\u00a0maximum par personne sur la journ\u00e9e (hors conf\u00e9rence &#8230; <a title=\"Printemps Agile 2026 #14\" class=\"read-more\" href=\"https:\/\/club-agile-normandie.fr\/?page_id=6445\" aria-label=\"Plus sur Printemps Agile 2026 #14\">Lire plus<\/a><\/p>\n","protected":false},"author":7,"featured_media":0,"parent":0,"menu_order":0,"comment_status":"closed","ping_status":"closed","template":"","meta":{"_themeisle_gutenberg_block_has_review":false,"footnotes":""},"class_list":["post-6445","page","type-page","status-publish"],"_links":{"self":[{"href":"https:\/\/club-agile-normandie.fr\/index.php?rest_route=\/wp\/v2\/pages\/6445","targetHints":{"allow":["GET"]}}],"collection":[{"href":"https:\/\/club-agile-normandie.fr\/index.php?rest_route=\/wp\/v2\/pages"}],"about":[{"href":"https:\/\/club-agile-normandie.fr\/index.php?rest_route=\/wp\/v2\/types\/page"}],"author":[{"embeddable":true,"href":"https:\/\/club-agile-normandie.fr\/index.php?rest_route=\/wp\/v2\/users\/7"}],"replies":[{"embeddable":true,"href":"https:\/\/club-agile-normandie.fr\/index.php?rest_route=%2Fwp%2Fv2%2Fcomments&post=6445"}],"version-history":[{"count":6,"href":"https:\/\/club-agile-normandie.fr\/index.php?rest_route=\/wp\/v2\/pages\/6445\/revisions"}],"predecessor-version":[{"id":6538,"href":"https:\/\/club-agile-normandie.fr\/index.php?rest_route=\/wp\/v2\/pages\/6445\/revisions\/6538"}],"wp:attachment":[{"href":"https:\/\/club-agile-normandie.fr\/index.php?rest_route=%2Fwp%2Fv2%2Fmedia&parent=6445"}],"curies":[{"name":"wp","href":"https:\/\/api.w.org\/{rel}","templated":true}]}}