{"id":6365,"date":"2025-07-07T20:59:02","date_gmt":"2025-07-07T18:59:02","guid":{"rendered":"https:\/\/club-agile-normandie.fr\/?page_id=6365"},"modified":"2025-07-07T20:59:03","modified_gmt":"2025-07-07T18:59:03","slug":"soutenir-ou-adherer-2025-2026","status":"publish","type":"page","link":"https:\/\/club-agile-normandie.fr\/?page_id=6365","title":{"rendered":"Soutenir ou adh\u00e9rer (2025\/2026)"},"content":{"rendered":"<div class=\"gb-container gb-container-5c5bd726\"><div class=\"gb-inside-container\">\n\n<h2 class=\"wp-block-heading has-contrast-color has-text-color\">Pour adh\u00e9rer au Club<\/h2>\n\n\n\n<p>En&nbsp;adh\u00e9rant au Club&nbsp;Agile Normandie, <strong>vous participerez au&nbsp;d\u00e9veloppement de l&rsquo;agilit\u00e9&nbsp;en Norman<\/strong>die.<\/p>\n\n\n\n<p>Pour devenir membre du Club, il suffit d&rsquo;adh\u00e9rer (cotisation annuelle de 10 euros). <\/p>\n\n\n\n<p><strong>L&rsquo;adh\u00e9sion commence en septembre et couvre l&rsquo;ann\u00e9e scolaire.<\/strong><\/p>\n\n\n\n<div class=\"wp-block-buttons is-layout-flex wp-block-buttons-is-layout-flex\">\n<div class=\"wp-block-button\"><a class=\"wp-block-button__link wp-element-button\" href=\"https:\/\/www.helloasso.com\/associations\/club-agile-normandie\/adhesions\/adhesion-au-club-agile-normandie-2025-2026\" style=\"border-radius:0px\" target=\"_blank\" rel=\"noreferrer noopener\">Adh\u00e9rer au Club Agile Normandie &gt;<\/a><\/div>\n<\/div>\n\n<\/div><\/div>\n\n\n<p><\/p>\n\n\n\n<h2 class=\"wp-block-heading\">Pour soutenir le Club sans adh\u00e9rer<\/h2>\n\n\n\n<p>Soutenir le Club Agile Normandie, c&rsquo;est possible sans \u00eatre adh\u00e9rent. <\/p>\n\n\n\n<p>Si vous participez aux rencontres locales ou au Printemps Agile et que <strong>vous souhaitez soutenir le Club pour poursuivre son action en r\u00e9gion Normandie, n&rsquo;h\u00e9sitez pas \u00e0 faire un don ponctuel ou r\u00e9gulier.<\/strong><\/p>\n\n\n\n<div class=\"wp-block-buttons is-layout-flex wp-block-buttons-is-layout-flex\">\n<div class=\"wp-block-button\"><a class=\"wp-block-button__link wp-element-button\" href=\"https:\/\/www.helloasso.com\/associations\/club-agile-normandie\/formulaires\/1\" style=\"border-radius:0px\" target=\"_blank\" rel=\"noreferrer noopener\">Faire un don au Club Agile Normandie &gt;<\/a><\/div>\n<\/div>\n","protected":false},"excerpt":{"rendered":"<p>Pour adh\u00e9rer au Club En&nbsp;adh\u00e9rant au Club&nbsp;Agile Normandie, vous participerez au&nbsp;d\u00e9veloppement de l&rsquo;agilit\u00e9&nbsp;en Normandie. Pour devenir membre du Club, il suffit d&rsquo;adh\u00e9rer (cotisation annuelle de 10 euros). L&rsquo;adh\u00e9sion commence en septembre et couvre l&rsquo;ann\u00e9e scolaire. Pour soutenir le Club sans adh\u00e9rer Soutenir le Club Agile Normandie, c&rsquo;est possible sans \u00eatre adh\u00e9rent. Si vous participez aux &#8230; <a title=\"Soutenir ou adh\u00e9rer (2025\/2026)\" class=\"read-more\" href=\"https:\/\/club-agile-normandie.fr\/?page_id=6365\" aria-label=\"Plus sur Soutenir ou adh\u00e9rer (2025\/2026)\">Lire plus<\/a><\/p>\n","protected":false},"author":7,"featured_media":0,"parent":0,"menu_order":0,"comment_status":"closed","ping_status":"closed","template":"","meta":{"_themeisle_gutenberg_block_has_review":false,"footnotes":""},"class_list":["post-6365","page","type-page","status-publish"],"_links":{"self":[{"href":"https:\/\/club-agile-normandie.fr\/index.php?rest_route=\/wp\/v2\/pages\/6365","targetHints":{"allow":["GET"]}}],"collection":[{"href":"https:\/\/club-agile-normandie.fr\/index.php?rest_route=\/wp\/v2\/pages"}],"about":[{"href":"https:\/\/club-agile-normandie.fr\/index.php?rest_route=\/wp\/v2\/types\/page"}],"author":[{"embeddable":true,"href":"https:\/\/club-agile-normandie.fr\/index.php?rest_route=\/wp\/v2\/users\/7"}],"replies":[{"embeddable":true,"href":"https:\/\/club-agile-normandie.fr\/index.php?rest_route=%2Fwp%2Fv2%2Fcomments&post=6365"}],"version-history":[{"count":1,"href":"https:\/\/club-agile-normandie.fr\/index.php?rest_route=\/wp\/v2\/pages\/6365\/revisions"}],"predecessor-version":[{"id":6366,"href":"https:\/\/club-agile-normandie.fr\/index.php?rest_route=\/wp\/v2\/pages\/6365\/revisions\/6366"}],"wp:attachment":[{"href":"https:\/\/club-agile-normandie.fr\/index.php?rest_route=%2Fwp%2Fv2%2Fmedia&parent=6365"}],"curies":[{"name":"wp","href":"https:\/\/api.w.org\/{rel}","templated":true}]}}