{"id":5930,"date":"2024-12-02T13:59:24","date_gmt":"2024-12-02T12:59:24","guid":{"rendered":"https:\/\/club-agile-normandie.fr\/?page_id=5930"},"modified":"2024-12-02T13:59:25","modified_gmt":"2024-12-02T12:59:25","slug":"videos-et-replay","status":"publish","type":"page","link":"https:\/\/club-agile-normandie.fr\/?page_id=5930","title":{"rendered":"Vid\u00e9os et Replay"},"content":{"rendered":"<div class=\"gb-container gb-container-581cc6d4\">\n\n<figure class=\"gb-block-image gb-block-image-d8e45d43\"><img loading=\"lazy\" decoding=\"async\" width=\"300\" height=\"164\" class=\"gb-image gb-image-d8e45d43\" src=\"https:\/\/club-agile-normandie.fr\/wp-content\/uploads\/2022\/09\/ScreenHunter-738-300x164.png\" alt=\"\" title=\"ScreenHunter-738\" srcset=\"https:\/\/club-agile-normandie.fr\/wp-content\/uploads\/2022\/09\/ScreenHunter-738-300x164.png 300w, https:\/\/club-agile-normandie.fr\/wp-content\/uploads\/2022\/09\/ScreenHunter-738-1024x560.png 1024w, https:\/\/club-agile-normandie.fr\/wp-content\/uploads\/2022\/09\/ScreenHunter-738-768x420.png 768w, https:\/\/club-agile-normandie.fr\/wp-content\/uploads\/2022\/09\/ScreenHunter-738.png 1104w\" sizes=\"auto, (max-width: 300px) 100vw, 300px\" \/><\/figure>\n\n<\/div>\n\n\n<h2 class=\"wp-block-heading\">Printemps Agile<\/h2>\n\n\n\n<p>En partenariat avec le CEMU, des vid\u00e9os sont disponibles pour revoir les ateliers et conf\u00e9rences des Printemps Agile de plusieurs ann\u00e9es.<\/p>\n\n\n\n<div class=\"wp-block-buttons is-layout-flex wp-block-buttons-is-layout-flex\">\n<div class=\"wp-block-button\"><a class=\"wp-block-button__link wp-element-button\" href=\"https:\/\/www.canal-u.tv\/chaines\/cemu\/printemps-agile\" style=\"border-radius:0px\" target=\"_blank\" rel=\"noreferrer noopener\">Vid\u00e9os des Printemps Agile ><\/a><\/div>\n<\/div>\n\n\n\n<hr class=\"wp-block-separator has-alpha-channel-opacity\"\/>\n\n\n\n<figure class=\"gb-block-image gb-block-image-a107c551\"><img loading=\"lazy\" decoding=\"async\" width=\"300\" height=\"137\" class=\"gb-image gb-image-a107c551\" src=\"https:\/\/club-agile-normandie.fr\/wp-content\/uploads\/2024\/12\/photo-replay-webinaire-300x137.png\" alt=\"\" title=\"photo replay webinaire\" srcset=\"https:\/\/club-agile-normandie.fr\/wp-content\/uploads\/2024\/12\/photo-replay-webinaire-300x137.png 300w, https:\/\/club-agile-normandie.fr\/wp-content\/uploads\/2024\/12\/photo-replay-webinaire-1024x466.png 1024w, https:\/\/club-agile-normandie.fr\/wp-content\/uploads\/2024\/12\/photo-replay-webinaire-768x350.png 768w, https:\/\/club-agile-normandie.fr\/wp-content\/uploads\/2024\/12\/photo-replay-webinaire-1536x699.png 1536w, https:\/\/club-agile-normandie.fr\/wp-content\/uploads\/2024\/12\/photo-replay-webinaire-2048x932.png 2048w\" sizes=\"auto, (max-width: 300px) 100vw, 300px\" \/><\/figure>\n\n\n\n<h2 class=\"wp-block-heading\">Webinaires<\/h2>\n\n\n\n<p>Des webinaires sont organis\u00e9s \u00e0 l&rsquo;occation de diff\u00e9rents \u00e9v\u00e8nements.<br>Il est possible de les revoir en replay. <\/p>\n\n\n\n<div class=\"wp-block-buttons is-layout-flex wp-block-buttons-is-layout-flex\">\n<div class=\"wp-block-button\"><a class=\"wp-block-button__link wp-element-button\" href=\"https:\/\/club-agile-normandie.fr\/?page_id=5886\" style=\"border-radius:0px\" target=\"_blank\" rel=\"noreferrer noopener\">Replay des webinaires ><\/a><\/div>\n<\/div>\n\n\n\n<hr class=\"wp-block-separator has-alpha-channel-opacity\"\/>\n\n\n\n<p><\/p>\n","protected":false},"excerpt":{"rendered":"<p>Printemps Agile En partenariat avec le CEMU, des vid\u00e9os sont disponibles pour revoir les ateliers et conf\u00e9rences des Printemps Agile de plusieurs ann\u00e9es. Webinaires Des webinaires sont organis\u00e9s \u00e0 l&rsquo;occation de diff\u00e9rents \u00e9v\u00e8nements.Il est possible de les revoir en replay.<\/p>\n","protected":false},"author":7,"featured_media":0,"parent":0,"menu_order":0,"comment_status":"closed","ping_status":"open","template":"","meta":{"_themeisle_gutenberg_block_has_review":false,"footnotes":""},"class_list":["post-5930","page","type-page","status-publish"],"_links":{"self":[{"href":"https:\/\/club-agile-normandie.fr\/index.php?rest_route=\/wp\/v2\/pages\/5930","targetHints":{"allow":["GET"]}}],"collection":[{"href":"https:\/\/club-agile-normandie.fr\/index.php?rest_route=\/wp\/v2\/pages"}],"about":[{"href":"https:\/\/club-agile-normandie.fr\/index.php?rest_route=\/wp\/v2\/types\/page"}],"author":[{"embeddable":true,"href":"https:\/\/club-agile-normandie.fr\/index.php?rest_route=\/wp\/v2\/users\/7"}],"replies":[{"embeddable":true,"href":"https:\/\/club-agile-normandie.fr\/index.php?rest_route=%2Fwp%2Fv2%2Fcomments&post=5930"}],"version-history":[{"count":2,"href":"https:\/\/club-agile-normandie.fr\/index.php?rest_route=\/wp\/v2\/pages\/5930\/revisions"}],"predecessor-version":[{"id":5933,"href":"https:\/\/club-agile-normandie.fr\/index.php?rest_route=\/wp\/v2\/pages\/5930\/revisions\/5933"}],"wp:attachment":[{"href":"https:\/\/club-agile-normandie.fr\/index.php?rest_route=%2Fwp%2Fv2%2Fmedia&parent=5930"}],"curies":[{"name":"wp","href":"https:\/\/api.w.org\/{rel}","templated":true}]}}