{"id":5903,"date":"2024-12-05T18:20:39","date_gmt":"2024-12-05T17:20:39","guid":{"rendered":"https:\/\/club-agile-normandie.fr\/?page_id=5903"},"modified":"2025-07-07T21:33:23","modified_gmt":"2025-07-07T19:33:23","slug":"learn-up","status":"publish","type":"page","link":"https:\/\/club-agile-normandie.fr\/?page_id=5903","title":{"rendered":"Learn-Up"},"content":{"rendered":"<div class=\"gb-container gb-container-4aa2b63a\"><div class=\"gb-inside-container\">\n\n<div class=\"wp-block-columns is-layout-flex wp-container-core-columns-is-layout-9d6595d7 wp-block-columns-is-layout-flex\">\n<div class=\"wp-block-column is-layout-flow wp-block-column-is-layout-flow\" style=\"flex-basis:33.33%\">\n<figure class=\"gb-block-image gb-block-image-da455353\"><img loading=\"lazy\" decoding=\"async\" width=\"1200\" height=\"1200\" class=\"gb-image gb-image-da455353\" src=\"https:\/\/club-agile-normandie.fr\/wp-content\/uploads\/2024\/12\/learnup-2025-saison1.jpg\" alt=\"\" title=\"learnup 2025 saison1\" srcset=\"https:\/\/club-agile-normandie.fr\/wp-content\/uploads\/2024\/12\/learnup-2025-saison1.jpg 1200w, https:\/\/club-agile-normandie.fr\/wp-content\/uploads\/2024\/12\/learnup-2025-saison1-300x300.jpg 300w, https:\/\/club-agile-normandie.fr\/wp-content\/uploads\/2024\/12\/learnup-2025-saison1-1024x1024.jpg 1024w, https:\/\/club-agile-normandie.fr\/wp-content\/uploads\/2024\/12\/learnup-2025-saison1-150x150.jpg 150w, https:\/\/club-agile-normandie.fr\/wp-content\/uploads\/2024\/12\/learnup-2025-saison1-768x768.jpg 768w\" sizes=\"auto, (max-width: 1200px) 100vw, 1200px\" \/><\/figure>\n<\/div>\n\n\n\n<div class=\"wp-block-column is-vertically-aligned-center is-layout-flow wp-block-column-is-layout-flow\" style=\"flex-basis:66.66%\">\n<h3 class=\"wp-block-heading has-text-align-center\"><strong>EN 2025, LE CLUB AGILE NORMANDIE INNOVE : <\/strong><br><strong>D\u00e9couvrez les Learn&rsquo;up <\/strong><br><strong>ou <\/strong><br><strong>Comment mettre en sc\u00e8ne un projet en 4 \u00e9pisodes<\/strong> !<br><\/h3>\n<\/div>\n<\/div>\n\n\n\n<h4 class=\"wp-block-heading\">Vous \u00eates int\u00e9ress\u00e9s par les m\u00e9thodes Agiles ?<br>Vous aimeriez les exp\u00e9rimenter dans un cadre convivial et bienveillant avant de pouvoir les utiliser dans vos \u00e9quipes ou vos organisations (entreprises, associations, \u00e9v\u00e8nements, autres lieux) ?<\/h4>\n\n\n<div class=\"gb-container gb-container-844324da\">\n\n<p>Le <strong>Club Agile Normandie<\/strong> vous propose une <strong>formation \u00e0 l&rsquo;agilit\u00e9 et \u00e0 la conduite de projets en mode Agile en 4 demi-journ\u00e9es conviviales <\/strong>selon le calendrier d\u00e9crit ci-dessous :<\/p>\n\n<\/div>\n\n\n<p><strong>\u00c9pisode 1 &#8211; R\u00e9ussir le lancement<\/strong> : Mardi 14 janvier 2025<br> =&gt; <em>25 participants&nbsp;\u00e0 la session&nbsp;<\/em>(<br><strong>\u00c9pisode 2 &#8211; Planifier et suivre<\/strong> : Mercredi 12 mars 2025 de 13h45 \u00e0 17h<br><strong>\u00c9pisode 3 &#8211; G\u00e9rer les impr\u00e9vus<\/strong> : Mardi 20 mai 2025<br><strong>\u00c9pisode 4 &#8211; Livrer et cl\u00f4turer<\/strong> : Lundi 30 juin 2025<\/p>\n\n\n\n<p><strong>Les sessions sont gratuites et sur inscription<\/strong><br><strong>Elles se d\u00e9rouleront \u00e0 Caen, dans les locaux du Conseil R\u00e9gional, de 13h45 \u00e0 17h<\/strong><strong><br><\/strong><br>Chaque session est ind\u00e9pendante et il est possible d&rsquo;assister \u00e0 une seule session.<\/p>\n\n\n\n<p><\/p>\n\n\n\n<p><strong>A partir de mars<\/strong> et pour encourager le r\u00e9seautage, les Learn\u2019up seront pr\u00e9c\u00e9d\u00e9s d\u2019un <strong>pique-nique partag\u00e9 de 13h \u00e0 13h45<\/strong><\/p>\n\n\n\n<p><strong>Vous \u00eates int\u00e9ress\u00e9&nbsp;ou vous connaissez quelqu\u2019un susceptible de l\u2019\u00eatre ?&nbsp;<br>Vous avez des questions&nbsp;?<\/strong><\/p>\n\n\n\n<p><strong>Aur\u00e9lie et Agn\u00e8s sont \u00e0 votre disposition pour tout compl\u00e9ment d\u2019information :<br><\/strong>(aurelie.lolia@gmail.com ; agnes.benoitgonin@gmail.com)<\/p>\n\n\n\n<p>Nous sommes impatients de vous rencontrer \u00e0 cette occasion !<\/p>\n\n<\/div><\/div>","protected":false},"excerpt":{"rendered":"<p>EN 2025, LE CLUB AGILE NORMANDIE INNOVE : D\u00e9couvrez les Learn&rsquo;up ou Comment mettre en sc\u00e8ne un projet en 4 \u00e9pisodes ! Vous \u00eates int\u00e9ress\u00e9s par les m\u00e9thodes Agiles ?Vous aimeriez les exp\u00e9rimenter dans un cadre convivial et bienveillant avant de pouvoir les utiliser dans vos \u00e9quipes ou vos organisations (entreprises, associations, \u00e9v\u00e8nements, autres lieux) &#8230; <a title=\"Learn-Up\" class=\"read-more\" href=\"https:\/\/club-agile-normandie.fr\/?page_id=5903\" aria-label=\"Plus sur Learn-Up\">Lire plus<\/a><\/p>\n","protected":false},"author":7,"featured_media":0,"parent":0,"menu_order":0,"comment_status":"closed","ping_status":"closed","template":"","meta":{"_themeisle_gutenberg_block_has_review":false,"footnotes":""},"class_list":["post-5903","page","type-page","status-publish"],"_links":{"self":[{"href":"https:\/\/club-agile-normandie.fr\/index.php?rest_route=\/wp\/v2\/pages\/5903","targetHints":{"allow":["GET"]}}],"collection":[{"href":"https:\/\/club-agile-normandie.fr\/index.php?rest_route=\/wp\/v2\/pages"}],"about":[{"href":"https:\/\/club-agile-normandie.fr\/index.php?rest_route=\/wp\/v2\/types\/page"}],"author":[{"embeddable":true,"href":"https:\/\/club-agile-normandie.fr\/index.php?rest_route=\/wp\/v2\/users\/7"}],"replies":[{"embeddable":true,"href":"https:\/\/club-agile-normandie.fr\/index.php?rest_route=%2Fwp%2Fv2%2Fcomments&post=5903"}],"version-history":[{"count":38,"href":"https:\/\/club-agile-normandie.fr\/index.php?rest_route=\/wp\/v2\/pages\/5903\/revisions"}],"predecessor-version":[{"id":6380,"href":"https:\/\/club-agile-normandie.fr\/index.php?rest_route=\/wp\/v2\/pages\/5903\/revisions\/6380"}],"wp:attachment":[{"href":"https:\/\/club-agile-normandie.fr\/index.php?rest_route=%2Fwp%2Fv2%2Fmedia&parent=5903"}],"curies":[{"name":"wp","href":"https:\/\/api.w.org\/{rel}","templated":true}]}}