{"id":5376,"date":"2024-02-08T14:38:29","date_gmt":"2024-02-08T13:38:29","guid":{"rendered":"https:\/\/club-agile-normandie.fr\/?page_id=5376"},"modified":"2026-03-19T16:15:29","modified_gmt":"2026-03-19T15:15:29","slug":"printemps-agile","status":"publish","type":"page","link":"https:\/\/club-agile-normandie.fr\/?page_id=5376","title":{"rendered":"Printemps Agile"},"content":{"rendered":"\n<figure class=\"wp-block-image size-large\"><img loading=\"lazy\" decoding=\"async\" width=\"1024\" height=\"256\" src=\"https:\/\/club-agile-normandie.fr\/wp-content\/uploads\/2025\/09\/PA2026_Bandeau_v2-1024x256.jpg\" alt=\"\" class=\"wp-image-6387\" srcset=\"https:\/\/club-agile-normandie.fr\/wp-content\/uploads\/2025\/09\/PA2026_Bandeau_v2-1024x256.jpg 1024w, https:\/\/club-agile-normandie.fr\/wp-content\/uploads\/2025\/09\/PA2026_Bandeau_v2-300x75.jpg 300w, https:\/\/club-agile-normandie.fr\/wp-content\/uploads\/2025\/09\/PA2026_Bandeau_v2-768x192.jpg 768w, https:\/\/club-agile-normandie.fr\/wp-content\/uploads\/2025\/09\/PA2026_Bandeau_v2-1536x384.jpg 1536w, https:\/\/club-agile-normandie.fr\/wp-content\/uploads\/2025\/09\/PA2026_Bandeau_v2.jpg 1584w\" sizes=\"auto, (max-width: 1024px) 100vw, 1024px\" \/><\/figure>\n\n\n\n<p><\/p>\n\n\n\n<p class=\"has-contrast-2-color has-text-color\">Chaque ann\u00e9e, le Club Agile Normandie organise une journ\u00e9e ouverte \u00e0 tous et gratuite d\u00e9di\u00e9e \u00e0 l\u2019agilit\u00e9 sous toutes ses formes.<br>Avec pr\u00e8s de 500 participants ces derni\u00e8res ann\u00e9es, c&rsquo;est devenu <strong>le plus grand \u00e9v\u00e9nement gratuit <\/strong>de la communaut\u00e9 agile en France.<\/p>\n\n\n\n<p>Ceci n\u2019est possible que gr\u00e2ce au <strong>soutien de nos partenaires. <\/strong>Cet \u00e9v\u00e9nement rayonne bien au del\u00e0 de la Normandie avec des participants, animateurs ou conf\u00e9renciers de toute la France.<\/p>\n\n\n\n<p class=\"has-contrast-2-color has-text-color\">Le Printemps Agile, est <strong>un \u00e9v\u00e8nement dont la vocation est de diffuser cette approche manag\u00e9riale<\/strong> aupr\u00e8s des \u00e9tudiants et des professionnels de tous horizons.&nbsp;<\/p>\n\n\n\n<p class=\"has-contrast-2-color has-text-color\"><strong>Des conf\u00e9rences et des ateliers<\/strong> adapt\u00e9s \u00e0 tous les niveaux de connaissance ponctuent cette journ\u00e9e. <br>Ils permettent de d\u00e9couvrir, se former, de b\u00e9n\u00e9ficier de retour d&rsquo;exp\u00e9rience sur l&rsquo;agilit\u00e9 par :<br>&#8211; des <strong>sessions \u00ab\u00a0d\u00e9couverte\u00a0\u00bb<\/strong>, <br>&#8211; des <strong>t\u00e9moignages de management agile<\/strong>,<br>&#8211; la <strong>pr\u00e9sentation d&rsquo;outils <\/strong>de d\u00e9veloppement agiles,<br>&#8211; et tout atelier permettant d&rsquo;<strong>exp\u00e9rimenter l&rsquo;\u00e9tat d&rsquo;esprit et les outils de l&rsquo;agilit\u00e9<\/strong>.<\/p>\n\n\n\n<p class=\"has-contrast-2-color has-text-color\"><strong>Le Printemps Agile s&rsquo;adresse \u00e0 toute personne curieuse ou d\u00e9j\u00e0 sp\u00e9cialiste de l&rsquo;agilit\u00e9. <\/strong><br>C\u2019est l\u2019occasion de venir exp\u00e9rimenter l\u2019agilit\u00e9 avec des intervenants venus de toute la France.&nbsp;<\/p>\n\n\n\n<p class=\"has-contrast-2-color has-text-color\">Le rendez-vous avec le Printemps Agile est fix\u00e9 \u00e0 l&rsquo;approche du printemps de chaque ann\u00e9e. <\/p>\n\n\n\n<p class=\"has-contrast-2-color has-text-color\">Suivez toutes les actualit\u00e9s sur notre page&nbsp;<a href=\"https:\/\/www.facebook.com\/agilenormandie\" target=\"_blank\" rel=\"noreferrer noopener\">Facebook<\/a>&nbsp;et sur <a href=\"https:\/\/www.linkedin.com\/search\/results\/all\/?fetchDeterministicClustersOnly=true&amp;heroEntityKey=urn%3Ali%3Aorganization%3A30588790&amp;keywords=club%20agile%20normandie&amp;origin=RICH_QUERY_SUGGESTION&amp;position=0&amp;searchId=df0f35ee-410f-42f8-ae05-dbef94c3a950&amp;sid=QvL&amp;spellCorrectionEnabled=false\" target=\"_blank\" rel=\"noreferrer noopener\">Linkedin <\/a><\/p>\n\n\n<div class=\"gb-container gb-container-c03014c6\">\n\n<h2 class=\"wp-block-heading\">Programme du PRINTEMPS AGILE 2026<\/h2>\n\n\n\n<p>Les conf\u00e9rences et sessions sont d\u00e9crites sur la page<a href=\"https:\/\/club-agile-normandie.fr\/?page_id=6453\" data-type=\"page\" data-id=\"6453\" target=\"_blank\" rel=\"noreferrer noopener\"> Programme Printemps Agile 2026 !<\/a><\/p>\n\n\n\n<div class=\"wp-block-buttons is-layout-flex wp-block-buttons-is-layout-flex\">\n<div class=\"wp-block-button\"><a class=\"wp-block-button__link wp-element-button\" href=\"https:\/\/club-agile-normandie.fr\/?page_id=6453\" style=\"border-top-left-radius:0px;border-top-right-radius:0px;border-bottom-left-radius:0px;border-bottom-right-radius:0px\">Programme &gt;<\/a><\/div>\n<\/div>\n\n\n\n<p><\/p>\n\n<\/div>\n\n\n<h2 class=\"wp-block-heading\"><a href=\"https:\/\/club-agile-normandie.fr\/?page_id=6268\" data-type=\"page\" data-id=\"6268\" target=\"_blank\" rel=\"noreferrer noopener\">Retour sur le Printemps Agile du 25 mars 2025 !!!<\/a><\/h2>\n\n\n\n<p>Des conf\u00e9rences et des ateliers inspirants ont jalonn\u00e9 toute la journ\u00e9e avec une d\u00e9dicace sp\u00e9ciale aux artistes graphistes pour la r\u00e9alisation de la Fresque de l&rsquo;Agilit\u00e9 en lien avec le Mill\u00e9naire de la ville de Caen !!<\/p>\n\n\n\n<div class=\"wp-block-buttons is-layout-flex wp-block-buttons-is-layout-flex\">\n<div class=\"wp-block-button\"><a class=\"wp-block-button__link wp-element-button\" href=\"https:\/\/club-agile-normandie.fr\/?page_id=6268\" style=\"border-radius:0px\" target=\"_blank\" rel=\"noreferrer noopener\">En savoir plus &gt;<\/a><\/div>\n<\/div>\n\n\n\n<p><\/p>\n\n\n\n<h2 class=\"wp-block-heading\">Vid\u00e9os<\/h2>\n\n\n\n<p>Des vid\u00e9os des conf\u00e9rences et ateliers capt\u00e9es lors des Printemps Agiles sont disponibles sous le lien suivant :<\/p>\n\n\n\n<div class=\"wp-block-buttons is-layout-flex wp-block-buttons-is-layout-flex\">\n<div class=\"wp-block-button\"><a class=\"wp-block-button__link wp-element-button\" href=\"https:\/\/www.canal-u.tv\/chaines\/cemu\/printemps-agile\" style=\"border-radius:0px\" target=\"_blank\" rel=\"noreferrer noopener\">En savoir plus &gt;<\/a><\/div>\n<\/div>\n","protected":false},"excerpt":{"rendered":"<p>Chaque ann\u00e9e, le Club Agile Normandie organise une journ\u00e9e ouverte \u00e0 tous et gratuite d\u00e9di\u00e9e \u00e0 l\u2019agilit\u00e9 sous toutes ses formes.Avec pr\u00e8s de 500 participants ces derni\u00e8res ann\u00e9es, c&rsquo;est devenu le plus grand \u00e9v\u00e9nement gratuit de la communaut\u00e9 agile en France. Ceci n\u2019est possible que gr\u00e2ce au soutien de nos partenaires. Cet \u00e9v\u00e9nement rayonne bien &#8230; <a title=\"Printemps Agile\" class=\"read-more\" href=\"https:\/\/club-agile-normandie.fr\/?page_id=5376\" aria-label=\"Plus sur Printemps Agile\">Lire plus<\/a><\/p>\n","protected":false},"author":7,"featured_media":0,"parent":0,"menu_order":0,"comment_status":"closed","ping_status":"closed","template":"","meta":{"_themeisle_gutenberg_block_has_review":false,"footnotes":""},"class_list":["post-5376","page","type-page","status-publish"],"_links":{"self":[{"href":"https:\/\/club-agile-normandie.fr\/index.php?rest_route=\/wp\/v2\/pages\/5376","targetHints":{"allow":["GET"]}}],"collection":[{"href":"https:\/\/club-agile-normandie.fr\/index.php?rest_route=\/wp\/v2\/pages"}],"about":[{"href":"https:\/\/club-agile-normandie.fr\/index.php?rest_route=\/wp\/v2\/types\/page"}],"author":[{"embeddable":true,"href":"https:\/\/club-agile-normandie.fr\/index.php?rest_route=\/wp\/v2\/users\/7"}],"replies":[{"embeddable":true,"href":"https:\/\/club-agile-normandie.fr\/index.php?rest_route=%2Fwp%2Fv2%2Fcomments&post=5376"}],"version-history":[{"count":24,"href":"https:\/\/club-agile-normandie.fr\/index.php?rest_route=\/wp\/v2\/pages\/5376\/revisions"}],"predecessor-version":[{"id":6665,"href":"https:\/\/club-agile-normandie.fr\/index.php?rest_route=\/wp\/v2\/pages\/5376\/revisions\/6665"}],"wp:attachment":[{"href":"https:\/\/club-agile-normandie.fr\/index.php?rest_route=%2Fwp%2Fv2%2Fmedia&parent=5376"}],"curies":[{"name":"wp","href":"https:\/\/api.w.org\/{rel}","templated":true}]}}