{"id":5249,"date":"2023-03-14T12:49:13","date_gmt":"2023-03-14T11:49:13","guid":{"rendered":"https:\/\/club-agile-normandie.fr\/?page_id=5249"},"modified":"2026-03-18T22:26:25","modified_gmt":"2026-03-18T21:26:25","slug":"devenir-partenaires","status":"publish","type":"page","link":"https:\/\/club-agile-normandie.fr\/?page_id=5249","title":{"rendered":"Devenir partenaires"},"content":{"rendered":"<div class=\"gb-container gb-container-3a92bf79\"><div class=\"gb-inside-container\">\n\n<h2 class=\"wp-block-heading\">Ensemble, faisons rayonner l&rsquo;agilit\u00e9 en Normandie !<\/h2>\n\n\n<div class=\"wp-block-image\">\n<figure class=\"aligncenter size-large is-resized\"><img loading=\"lazy\" decoding=\"async\" width=\"1024\" height=\"1024\" src=\"https:\/\/club-agile-normandie.fr\/wp-content\/uploads\/2023\/01\/5-1-1024x1024.png\" alt=\"\" class=\"wp-image-5138\" style=\"width:512px;height:512px\" srcset=\"https:\/\/club-agile-normandie.fr\/wp-content\/uploads\/2023\/01\/5-1-1024x1024.png 1024w, https:\/\/club-agile-normandie.fr\/wp-content\/uploads\/2023\/01\/5-1-300x300.png 300w, https:\/\/club-agile-normandie.fr\/wp-content\/uploads\/2023\/01\/5-1-150x150.png 150w, https:\/\/club-agile-normandie.fr\/wp-content\/uploads\/2023\/01\/5-1-768x768.png 768w, https:\/\/club-agile-normandie.fr\/wp-content\/uploads\/2023\/01\/5-1.png 1181w\" sizes=\"auto, (max-width: 1024px) 100vw, 1024px\" \/><\/figure>\n<\/div>\n\n<div class=\"gb-container gb-container-22165183\"><div class=\"gb-inside-container\">\n\n<p class=\"has-contrast-2-color has-text-color has-medium-font-size\"><\/p>\n\n\n<div class=\"gb-container gb-container-8b75363c\"><\/div>\n<\/div><\/div>\n<\/div><\/div>\n\n<div class=\"gb-container gb-container-65f5a7de\"><div class=\"gb-inside-container\">\n<div class=\"gb-container gb-container-0a0c8974\"><div class=\"gb-inside-container\">\n\n<p><\/p>\n\n\n\n<h2 class=\"wp-block-heading\">Devenir partenaire<\/h2>\n\n\n\n<div class=\"wp-block-columns is-layout-flex wp-container-core-columns-is-layout-9d6595d7 wp-block-columns-is-layout-flex\">\n<div class=\"wp-block-column is-layout-flow wp-block-column-is-layout-flow\" style=\"flex-basis:100%\">\n<div class=\"wp-block-columns is-layout-flex wp-container-core-columns-is-layout-9d6595d7 wp-block-columns-is-layout-flex\">\n<div class=\"wp-block-column is-layout-flow wp-block-column-is-layout-flow\" style=\"flex-basis:100%\">\n<div class=\"wp-block-columns is-layout-flex wp-container-core-columns-is-layout-9d6595d7 wp-block-columns-is-layout-flex\">\n<div class=\"wp-block-column is-layout-flow wp-block-column-is-layout-flow\">\n<p><\/p>\n\n\n\n<p class=\"has-contrast-2-color has-text-color has-medium-font-size\">En tant que <strong>partenaire du Club Agile Normandie<\/strong>, vous affirmez votre volont\u00e9 de <strong>contribuer au d\u00e9veloppement de l&rsquo;agilit\u00e9 en Normandie <\/strong>et entrez ainsi au sein d&rsquo;une <strong>communaut\u00e9 d&rsquo;entreprises normandes<\/strong>, de tous types de secteurs d&rsquo;activit\u00e9s.<\/p>\n\n\n\n<p class=\"has-contrast-2-color has-text-color has-medium-font-size\">V\u00e9ritable <strong>acteur de cet \u00e9cosyst\u00e8me<\/strong>, vous profiterez d&rsquo;une <strong>visibilit\u00e9 <\/strong>aupr\u00e8s du public de nos diff\u00e9rents \u00e9v\u00e9nements. Cette offre de partenariat a \u00e9t\u00e9 \u00e9tablie pour <strong>r\u00e9pondre \u00e0 vos besoins et attentes<\/strong>. Nous sommes donc \u00e0 l&rsquo;\u00e9coute de toutes demandes ou remarques.<\/p>\n<\/div>\n\n\n\n<div class=\"wp-block-column is-layout-flow wp-block-column-is-layout-flow\">\n<figure class=\"wp-block-image size-large\"><img loading=\"lazy\" decoding=\"async\" width=\"1024\" height=\"1024\" src=\"https:\/\/club-agile-normandie.fr\/wp-content\/uploads\/2023\/01\/6-1024x1024.png\" alt=\"\" class=\"wp-image-5136\" srcset=\"https:\/\/club-agile-normandie.fr\/wp-content\/uploads\/2023\/01\/6-1024x1024.png 1024w, https:\/\/club-agile-normandie.fr\/wp-content\/uploads\/2023\/01\/6-300x300.png 300w, https:\/\/club-agile-normandie.fr\/wp-content\/uploads\/2023\/01\/6-150x150.png 150w, https:\/\/club-agile-normandie.fr\/wp-content\/uploads\/2023\/01\/6-768x768.png 768w, https:\/\/club-agile-normandie.fr\/wp-content\/uploads\/2023\/01\/6.png 1181w\" sizes=\"auto, (max-width: 1024px) 100vw, 1024px\" \/><\/figure>\n<\/div>\n<\/div>\n<\/div>\n<\/div>\n<\/div>\n<\/div>\n\n<\/div><\/div>\n<\/div><\/div>\n\n<div class=\"gb-container gb-container-5a2c9d33\"><div class=\"gb-inside-container\">\n<div class=\"gb-container gb-container-bb0a184b\"><div class=\"gb-inside-container\">\n\n<p><\/p>\n\n\n\n<h2 class=\"wp-block-heading\">Offres de partenariat<\/h2>\n\n<\/div><\/div>\n\n<div class=\"gb-grid-wrapper gb-grid-wrapper-e9c3c51d\">\n<div class=\"gb-grid-column gb-grid-column-0069e3c1\"><div class=\"gb-container gb-container-0069e3c1\"><div class=\"gb-inside-container\"><\/div><\/div><\/div>\n<\/div>\n\n<div class=\"gb-container gb-container-64f0dd01\"><div class=\"gb-inside-container\">\n<div class=\"gb-container gb-container-94df2b10\">\n<div class=\"gb-grid-wrapper gb-grid-wrapper-9aa5979b\">\n<div class=\"gb-grid-column gb-grid-column-ce16bfa2\"><div class=\"gb-container gb-container-ce16bfa2\">\n\n<figure class=\"gb-block-image gb-block-image-496faebf\"><img loading=\"lazy\" decoding=\"async\" width=\"1051\" height=\"1099\" class=\"gb-image gb-image-496faebf\" src=\"https:\/\/club-agile-normandie.fr\/wp-content\/uploads\/2026\/03\/2026_Image-Ice-breaker.jpeg\" alt=\"\" title=\"Screenshot\" srcset=\"https:\/\/club-agile-normandie.fr\/wp-content\/uploads\/2026\/03\/2026_Image-Ice-breaker.jpeg 1051w, https:\/\/club-agile-normandie.fr\/wp-content\/uploads\/2026\/03\/2026_Image-Ice-breaker-287x300.jpeg 287w, https:\/\/club-agile-normandie.fr\/wp-content\/uploads\/2026\/03\/2026_Image-Ice-breaker-979x1024.jpeg 979w, https:\/\/club-agile-normandie.fr\/wp-content\/uploads\/2026\/03\/2026_Image-Ice-breaker-768x803.jpeg 768w\" sizes=\"auto, (max-width: 1051px) 100vw, 1051px\" \/><\/figure>\n\n<\/div><\/div>\n\n<div class=\"gb-grid-column gb-grid-column-11f95d10\"><div class=\"gb-container gb-container-11f95d10\">\n\n<figure class=\"gb-block-image gb-block-image-d147c1c8\"><img loading=\"lazy\" decoding=\"async\" width=\"1062\" height=\"1093\" class=\"gb-image gb-image-d147c1c8\" src=\"https:\/\/club-agile-normandie.fr\/wp-content\/uploads\/2026\/03\/2026_Image-Kanban.jpeg\" alt=\"\" title=\"Screenshot\" srcset=\"https:\/\/club-agile-normandie.fr\/wp-content\/uploads\/2026\/03\/2026_Image-Kanban.jpeg 1062w, https:\/\/club-agile-normandie.fr\/wp-content\/uploads\/2026\/03\/2026_Image-Kanban-291x300.jpeg 291w, https:\/\/club-agile-normandie.fr\/wp-content\/uploads\/2026\/03\/2026_Image-Kanban-995x1024.jpeg 995w, https:\/\/club-agile-normandie.fr\/wp-content\/uploads\/2026\/03\/2026_Image-Kanban-768x790.jpeg 768w\" sizes=\"auto, (max-width: 1062px) 100vw, 1062px\" \/><\/figure>\n\n<\/div><\/div>\n\n<div class=\"gb-grid-column gb-grid-column-185e7f9b\"><div class=\"gb-container gb-container-185e7f9b\">\n\n<figure class=\"gb-block-image gb-block-image-5bce7994\"><img loading=\"lazy\" decoding=\"async\" width=\"1064\" height=\"1099\" class=\"gb-image gb-image-5bce7994\" src=\"https:\/\/club-agile-normandie.fr\/wp-content\/uploads\/2026\/03\/2026_Image-Kaizen.jpeg\" alt=\"\" title=\"Screenshot\" srcset=\"https:\/\/club-agile-normandie.fr\/wp-content\/uploads\/2026\/03\/2026_Image-Kaizen.jpeg 1064w, https:\/\/club-agile-normandie.fr\/wp-content\/uploads\/2026\/03\/2026_Image-Kaizen-290x300.jpeg 290w, https:\/\/club-agile-normandie.fr\/wp-content\/uploads\/2026\/03\/2026_Image-Kaizen-991x1024.jpeg 991w, https:\/\/club-agile-normandie.fr\/wp-content\/uploads\/2026\/03\/2026_Image-Kaizen-768x793.jpeg 768w\" sizes=\"auto, (max-width: 1064px) 100vw, 1064px\" \/><\/figure>\n\n<\/div><\/div>\n\n<div class=\"gb-grid-column gb-grid-column-3aa341f8\"><div class=\"gb-container gb-container-3aa341f8\">\n\n<figure class=\"gb-block-image gb-block-image-7ab6e50d\"><img loading=\"lazy\" decoding=\"async\" width=\"1064\" height=\"1083\" class=\"gb-image gb-image-7ab6e50d\" src=\"https:\/\/club-agile-normandie.fr\/wp-content\/uploads\/2026\/03\/2026_Image-Bienfaiteur.jpeg\" alt=\"\" title=\"Screenshot\" srcset=\"https:\/\/club-agile-normandie.fr\/wp-content\/uploads\/2026\/03\/2026_Image-Bienfaiteur.jpeg 1064w, https:\/\/club-agile-normandie.fr\/wp-content\/uploads\/2026\/03\/2026_Image-Bienfaiteur-295x300.jpeg 295w, https:\/\/club-agile-normandie.fr\/wp-content\/uploads\/2026\/03\/2026_Image-Bienfaiteur-1006x1024.jpeg 1006w, https:\/\/club-agile-normandie.fr\/wp-content\/uploads\/2026\/03\/2026_Image-Bienfaiteur-768x782.jpeg 768w\" sizes=\"auto, (max-width: 1064px) 100vw, 1064px\" \/><\/figure>\n\n<\/div><\/div>\n<\/div>\n<\/div>\n<\/div><\/div>\n\n\n<p><\/p>\n\n\n\n<h2 class=\"wp-block-heading\">D\u00e9tails de l&rsquo;offre de partenariat <\/h2>\n\n\n\n<div class=\"wp-block-buttons is-layout-flex wp-block-buttons-is-layout-flex\">\n<div class=\"wp-block-button\"><a class=\"wp-block-button__link wp-element-button\" href=\"https:\/\/club-agile-normandie.fr\/wp-content\/uploads\/2026\/03\/2026_03_Flyer-Offre-de-partenariat-2025-2026_v2.pdf\" style=\"border-radius:0px\" target=\"_blank\" rel=\"noreferrer noopener\">En savoir plus &gt;<\/a><\/div>\n<\/div>\n\n\n<div class=\"gb-container gb-container-e10b8e82\">\n<div class=\"gb-container gb-container-02e607a3\">\n\n<p><\/p>\n\n<\/div>\n<\/div>\n\n<div class=\"gb-container gb-container-8e803e10\">\n\n<p><\/p>\n\n<\/div>\n\n\n<div class=\"wp-block-buttons is-layout-flex wp-block-buttons-is-layout-flex\">\n<div class=\"wp-block-button\"><a class=\"wp-block-button__link wp-element-button\" href=\"https:\/\/club-agile-normandie.fr\/?page_id=3562\" style=\"border-radius:0px\" target=\"_blank\" rel=\"noreferrer noopener\">Nous contacter &gt;<\/a><\/div>\n<\/div>\n\n\n<div class=\"gb-container gb-container-daf172a4\"><\/div>\n\n\n<p><\/p>\n\n\n<div class=\"gb-container gb-container-e7d9cf45\"><\/div>\n\n<div class=\"gb-container gb-container-a06ee841\"><div class=\"gb-inside-container\"><\/div><\/div>\n\n\n<h2 class=\"wp-block-heading\">Nos partenaires 2026<\/h2>\n\n<\/div><\/div>\n\n\n<div class=\"wp-block-buttons is-layout-flex wp-block-buttons-is-layout-flex\">\n<div class=\"wp-block-button\"><a class=\"wp-block-button__link wp-element-button\" href=\"https:\/\/club-agile-normandie.fr\/?page_id=6443\" style=\"border-radius:0px\" target=\"_blank\" rel=\"noreferrer noopener\">En savoir plus &gt;<\/a><\/div>\n<\/div>\n\n\n\n<p><\/p>\n","protected":false},"excerpt":{"rendered":"<p>Ensemble, faisons rayonner l&rsquo;agilit\u00e9 en Normandie ! Devenir partenaire En tant que partenaire du Club Agile Normandie, vous affirmez votre volont\u00e9 de contribuer au d\u00e9veloppement de l&rsquo;agilit\u00e9 en Normandie et entrez ainsi au sein d&rsquo;une communaut\u00e9 d&rsquo;entreprises normandes, de tous types de secteurs d&rsquo;activit\u00e9s. V\u00e9ritable acteur de cet \u00e9cosyst\u00e8me, vous profiterez d&rsquo;une visibilit\u00e9 aupr\u00e8s du &#8230; <a title=\"Devenir partenaires\" class=\"read-more\" href=\"https:\/\/club-agile-normandie.fr\/?page_id=5249\" aria-label=\"Plus sur Devenir partenaires\">Lire plus<\/a><\/p>\n","protected":false},"author":7,"featured_media":0,"parent":0,"menu_order":0,"comment_status":"closed","ping_status":"closed","template":"","meta":{"_themeisle_gutenberg_block_has_review":false,"footnotes":""},"class_list":["post-5249","page","type-page","status-publish"],"_links":{"self":[{"href":"https:\/\/club-agile-normandie.fr\/index.php?rest_route=\/wp\/v2\/pages\/5249","targetHints":{"allow":["GET"]}}],"collection":[{"href":"https:\/\/club-agile-normandie.fr\/index.php?rest_route=\/wp\/v2\/pages"}],"about":[{"href":"https:\/\/club-agile-normandie.fr\/index.php?rest_route=\/wp\/v2\/types\/page"}],"author":[{"embeddable":true,"href":"https:\/\/club-agile-normandie.fr\/index.php?rest_route=\/wp\/v2\/users\/7"}],"replies":[{"embeddable":true,"href":"https:\/\/club-agile-normandie.fr\/index.php?rest_route=%2Fwp%2Fv2%2Fcomments&post=5249"}],"version-history":[{"count":28,"href":"https:\/\/club-agile-normandie.fr\/index.php?rest_route=\/wp\/v2\/pages\/5249\/revisions"}],"predecessor-version":[{"id":6657,"href":"https:\/\/club-agile-normandie.fr\/index.php?rest_route=\/wp\/v2\/pages\/5249\/revisions\/6657"}],"wp:attachment":[{"href":"https:\/\/club-agile-normandie.fr\/index.php?rest_route=%2Fwp%2Fv2%2Fmedia&parent=5249"}],"curies":[{"name":"wp","href":"https:\/\/api.w.org\/{rel}","templated":true}]}}