{"id":5051,"date":"2022-10-22T12:09:25","date_gmt":"2022-10-22T10:09:25","guid":{"rendered":"https:\/\/club-agile-normandie.fr\/?page_id=5051"},"modified":"2024-12-02T12:54:03","modified_gmt":"2024-12-02T11:54:03","slug":"actions-a-venir","status":"publish","type":"page","link":"https:\/\/club-agile-normandie.fr\/?page_id=5051","title":{"rendered":"Actions \u00e0 venir"},"content":{"rendered":"\n<p><\/p>\n\n\n<div class=\"gb-container gb-container-5b73ef77\"><div class=\"gb-inside-container\">\n\n<p>Pour conna\u00eetre les prochaines activit\u00e9s propos\u00e9es par le Club Agile Normandie, consulter la page HelloAsso du Club.<\/p>\n\n\n\n<figure class=\"gb-block-image gb-block-image-21f3908f\"><img loading=\"lazy\" decoding=\"async\" width=\"150\" height=\"150\" class=\"gb-image gb-image-21f3908f\" src=\"https:\/\/club-agile-normandie.fr\/wp-content\/uploads\/2024\/12\/qr-code-Club-Agile-Normandie-Hello-Asso-150x150.png\" alt=\"\" title=\"qr-code Club Agile Normandie - Hello Asso\" srcset=\"https:\/\/club-agile-normandie.fr\/wp-content\/uploads\/2024\/12\/qr-code-Club-Agile-Normandie-Hello-Asso-150x150.png 150w, https:\/\/club-agile-normandie.fr\/wp-content\/uploads\/2024\/12\/qr-code-Club-Agile-Normandie-Hello-Asso-300x300.png 300w, https:\/\/club-agile-normandie.fr\/wp-content\/uploads\/2024\/12\/qr-code-Club-Agile-Normandie-Hello-Asso-1024x1024.png 1024w, https:\/\/club-agile-normandie.fr\/wp-content\/uploads\/2024\/12\/qr-code-Club-Agile-Normandie-Hello-Asso-768x768.png 768w, https:\/\/club-agile-normandie.fr\/wp-content\/uploads\/2024\/12\/qr-code-Club-Agile-Normandie-Hello-Asso.png 1127w\" sizes=\"auto, (max-width: 150px) 100vw, 150px\" \/><\/figure>\n\n\n\n<p><\/p>\n\n\n\n<div class=\"wp-block-buttons is-layout-flex wp-block-buttons-is-layout-flex\">\n<div class=\"wp-block-button\"><a class=\"wp-block-button__link wp-element-button\" href=\"https:\/\/www.helloasso.com\/associations\/club-agile-normandie\" style=\"border-radius:0px\" target=\"_blank\" rel=\"noreferrer noopener\">Lien vers HelloAsso &gt;<\/a><\/div>\n<\/div>\n\n<\/div><\/div>\n\n<div class=\"gb-container gb-container-aa31d24b\">\n\n<p><\/p>\n\n<\/div>\n\n\n<p><\/p>\n","protected":false},"excerpt":{"rendered":"<p>Pour conna\u00eetre les prochaines activit\u00e9s propos\u00e9es par le Club Agile Normandie, consulter la page HelloAsso du Club.<\/p>\n","protected":false},"author":7,"featured_media":0,"parent":0,"menu_order":0,"comment_status":"closed","ping_status":"closed","template":"","meta":{"_themeisle_gutenberg_block_has_review":false,"footnotes":""},"class_list":["post-5051","page","type-page","status-publish"],"_links":{"self":[{"href":"https:\/\/club-agile-normandie.fr\/index.php?rest_route=\/wp\/v2\/pages\/5051","targetHints":{"allow":["GET"]}}],"collection":[{"href":"https:\/\/club-agile-normandie.fr\/index.php?rest_route=\/wp\/v2\/pages"}],"about":[{"href":"https:\/\/club-agile-normandie.fr\/index.php?rest_route=\/wp\/v2\/types\/page"}],"author":[{"embeddable":true,"href":"https:\/\/club-agile-normandie.fr\/index.php?rest_route=\/wp\/v2\/users\/7"}],"replies":[{"embeddable":true,"href":"https:\/\/club-agile-normandie.fr\/index.php?rest_route=%2Fwp%2Fv2%2Fcomments&post=5051"}],"version-history":[{"count":8,"href":"https:\/\/club-agile-normandie.fr\/index.php?rest_route=\/wp\/v2\/pages\/5051\/revisions"}],"predecessor-version":[{"id":5922,"href":"https:\/\/club-agile-normandie.fr\/index.php?rest_route=\/wp\/v2\/pages\/5051\/revisions\/5922"}],"wp:attachment":[{"href":"https:\/\/club-agile-normandie.fr\/index.php?rest_route=%2Fwp%2Fv2%2Fmedia&parent=5051"}],"curies":[{"name":"wp","href":"https:\/\/api.w.org\/{rel}","templated":true}]}}