{"id":4703,"date":"2022-10-06T18:49:28","date_gmt":"2022-10-06T16:49:28","guid":{"rendered":"https:\/\/club-agile-normandie.fr\/?page_id=4703"},"modified":"2025-01-21T22:35:53","modified_gmt":"2025-01-21T21:35:53","slug":"activites","status":"publish","type":"page","link":"https:\/\/club-agile-normandie.fr\/?page_id=4703","title":{"rendered":"Activit\u00e9s"},"content":{"rendered":"<div class=\"gb-container gb-container-1bdeec8b\"><div class=\"gb-inside-container\">\n<div class=\"gb-grid-wrapper gb-grid-wrapper-02e103e6\">\n<div class=\"gb-grid-column gb-grid-column-9d34a979\"><div class=\"gb-container gb-container-9d34a979\"><div class=\"gb-inside-container\">\n\n<figure class=\"wp-block-image size-full\"><img loading=\"lazy\" decoding=\"async\" width=\"2560\" height=\"1707\" src=\"http:\/\/club-agile-normandie.fr\/wp-content\/uploads\/2022\/09\/PA2022_14_Atelier4B_11h30_Cuvilly_PJC_6459_HD-scaled.jpg\" alt=\"\" class=\"wp-image-4236\" srcset=\"https:\/\/club-agile-normandie.fr\/wp-content\/uploads\/2022\/09\/PA2022_14_Atelier4B_11h30_Cuvilly_PJC_6459_HD-scaled.jpg 2560w, https:\/\/club-agile-normandie.fr\/wp-content\/uploads\/2022\/09\/PA2022_14_Atelier4B_11h30_Cuvilly_PJC_6459_HD-300x200.jpg 300w, https:\/\/club-agile-normandie.fr\/wp-content\/uploads\/2022\/09\/PA2022_14_Atelier4B_11h30_Cuvilly_PJC_6459_HD-1024x683.jpg 1024w, https:\/\/club-agile-normandie.fr\/wp-content\/uploads\/2022\/09\/PA2022_14_Atelier4B_11h30_Cuvilly_PJC_6459_HD-768x512.jpg 768w, https:\/\/club-agile-normandie.fr\/wp-content\/uploads\/2022\/09\/PA2022_14_Atelier4B_11h30_Cuvilly_PJC_6459_HD-1536x1024.jpg 1536w, https:\/\/club-agile-normandie.fr\/wp-content\/uploads\/2022\/09\/PA2022_14_Atelier4B_11h30_Cuvilly_PJC_6459_HD-2048x1365.jpg 2048w\" sizes=\"auto, (max-width: 2560px) 100vw, 2560px\" \/><\/figure>\n\n\n\n<p><\/p>\n\n\n\n<figure class=\"wp-block-image size-large\"><img loading=\"lazy\" decoding=\"async\" width=\"1024\" height=\"683\" src=\"https:\/\/club-agile-normandie.fr\/wp-content\/uploads\/2022\/09\/PA2022_12_Atelier3_11h30_Rabaux_PJC_6492_HD-1-1024x683.jpg\" alt=\"\" class=\"wp-image-4203\" srcset=\"https:\/\/club-agile-normandie.fr\/wp-content\/uploads\/2022\/09\/PA2022_12_Atelier3_11h30_Rabaux_PJC_6492_HD-1-1024x683.jpg 1024w, https:\/\/club-agile-normandie.fr\/wp-content\/uploads\/2022\/09\/PA2022_12_Atelier3_11h30_Rabaux_PJC_6492_HD-1-300x200.jpg 300w, https:\/\/club-agile-normandie.fr\/wp-content\/uploads\/2022\/09\/PA2022_12_Atelier3_11h30_Rabaux_PJC_6492_HD-1-768x512.jpg 768w, https:\/\/club-agile-normandie.fr\/wp-content\/uploads\/2022\/09\/PA2022_12_Atelier3_11h30_Rabaux_PJC_6492_HD-1-1536x1024.jpg 1536w, https:\/\/club-agile-normandie.fr\/wp-content\/uploads\/2022\/09\/PA2022_12_Atelier3_11h30_Rabaux_PJC_6492_HD-1-2048x1365.jpg 2048w\" sizes=\"auto, (max-width: 1024px) 100vw, 1024px\" \/><\/figure>\n\n<\/div><\/div><\/div>\n\n<div class=\"gb-grid-column gb-grid-column-1e789d4e\"><div class=\"gb-container gb-container-1e789d4e\"><div class=\"gb-inside-container\">\n\n<p><\/p>\n\n\n\n<h2 class=\"gb-headline gb-headline-237916d2 gb-headline-text\">Nos actions et interventions<\/h2>\n\n\n\n<p><\/p>\n\n\n\n<p class=\"has-contrast-2-color has-text-color has-medium-font-size\"><strong>Les Meet-ups :<\/strong> Ateliers mensuels d&rsquo;exp\u00e9rimentation d&rsquo;outils agiles sur diff\u00e9rents lieux normands et en ligne<\/p>\n\n\n\n<div class=\"wp-block-buttons is-layout-flex wp-block-buttons-is-layout-flex\">\n<div class=\"wp-block-button\"><a class=\"wp-block-button__link wp-element-button\" href=\"https:\/\/club-agile-normandie.fr\/?page_id=3556\" style=\"border-radius:0px\" target=\"_blank\" rel=\"noreferrer noopener\">En savoir plus &gt;<\/a><\/div>\n<\/div>\n\n\n\n<hr class=\"wp-block-separator has-alpha-channel-opacity\"\/>\n\n\n\n<p class=\"has-contrast-2-color has-text-color has-medium-font-size\"><strong>La formation Learn-Up :<\/strong> <br>Formation \u00e0 l&rsquo;agilit\u00e9 et \u00e0 la conduite de projets en mode Agile en 4 demi-journ\u00e9es conviviale<\/p>\n\n\n\n<div class=\"wp-block-buttons is-layout-flex wp-block-buttons-is-layout-flex\">\n<div class=\"wp-block-button\"><a class=\"wp-block-button__link wp-element-button\" href=\"https:\/\/club-agile-normandie.fr\/?page_id=5903\" style=\"border-radius:0px\" target=\"_blank\" rel=\"noreferrer noopener\">En savoir plus &gt;<\/a><\/div>\n<\/div>\n\n\n\n<hr class=\"wp-block-separator has-alpha-channel-opacity\"\/>\n\n\n<div class=\"gb-container gb-container-608825f7\"><div class=\"gb-inside-container\">\n<div class=\"gb-container gb-container-6d520549\"><div class=\"gb-inside-container\">\n<div class=\"gb-container gb-container-525ab2bf\"><div class=\"gb-inside-container\"><\/div><\/div>\n<\/div><\/div>\n<\/div><\/div>\n\n\n<p class=\"has-contrast-2-color has-text-color has-medium-font-size\"><strong>Le Printemps Agile :<\/strong> Grand \u00e9v\u00e8nement annuel autour de l&rsquo;agilit\u00e9<\/p>\n\n\n\n<div class=\"wp-block-buttons is-layout-flex wp-block-buttons-is-layout-flex\">\n<div class=\"wp-block-button\"><a class=\"wp-block-button__link wp-element-button\" href=\"https:\/\/club-agile-normandie.fr\/?page_id=5776\" style=\"border-radius:0px\" target=\"_blank\" rel=\"noreferrer noopener\">En savoir plus &gt;<\/a><\/div>\n<\/div>\n\n\n<div class=\"gb-container gb-container-8aa19588\">\n\n<hr class=\"wp-block-separator has-alpha-channel-opacity\"\/>\n\n<\/div>\n\n\n<p class=\"has-contrast-2-color has-text-color has-link-color has-medium-font-size wp-elements-51570a295116b237a9fdeb1f1238150f\"><strong>Les Webinaires :<\/strong><br>\u00c9v\u00e9nements en ligne et leurs enregistrements<\/p>\n\n\n\n<div class=\"wp-block-buttons is-layout-flex wp-block-buttons-is-layout-flex\">\n<div class=\"wp-block-button\"><a class=\"wp-block-button__link wp-element-button\" href=\"https:\/\/club-agile-normandie.fr\/?page_id=5886\" style=\"border-radius:0px\" target=\"_blank\" rel=\"noreferrer noopener\">En savoir plus &gt;<\/a><\/div>\n<\/div>\n\n\n\n<p><\/p>\n\n\n\n<hr class=\"wp-block-separator has-alpha-channel-opacity\"\/>\n\n\n\n<p class=\"has-contrast-2-color has-text-color has-medium-font-size\"><strong>Pour les partenaires : <\/strong>Animation d&rsquo;ateliers de diffusion de l&rsquo;agilit\u00e9 dans vos organisations<\/p>\n\n\n\n<div class=\"wp-block-buttons is-layout-flex wp-block-buttons-is-layout-flex\">\n<div class=\"wp-block-button\"><a class=\"wp-block-button__link wp-element-button\" href=\"https:\/\/club-agile-normandie.fr\/?page_id=4117&amp;preview=true\" style=\"border-radius:0px\" target=\"_blank\" rel=\"noreferrer noopener\">En savoir plus &gt;<\/a><\/div>\n<\/div>\n\n<\/div><\/div><\/div>\n<\/div>\n<\/div><\/div>\n\n<div class=\"gb-container gb-container-1e337ac7\"><div class=\"gb-inside-container\">\n<div class=\"gb-grid-wrapper gb-grid-wrapper-8d0947d8\">\n<div class=\"gb-grid-column gb-grid-column-be582bda\"><div class=\"gb-container gb-container-be582bda\"><div class=\"gb-inside-container\"><\/div><\/div><\/div>\n\n<div class=\"gb-grid-column gb-grid-column-8d94c12a\"><div class=\"gb-container gb-container-8d94c12a\"><div class=\"gb-inside-container\"><\/div><\/div><\/div>\n<\/div>\n<\/div><\/div>","protected":false},"excerpt":{"rendered":"","protected":false},"author":7,"featured_media":0,"parent":0,"menu_order":0,"comment_status":"closed","ping_status":"closed","template":"","meta":{"_themeisle_gutenberg_block_has_review":false,"footnotes":""},"class_list":["post-4703","page","type-page","status-publish"],"_links":{"self":[{"href":"https:\/\/club-agile-normandie.fr\/index.php?rest_route=\/wp\/v2\/pages\/4703","targetHints":{"allow":["GET"]}}],"collection":[{"href":"https:\/\/club-agile-normandie.fr\/index.php?rest_route=\/wp\/v2\/pages"}],"about":[{"href":"https:\/\/club-agile-normandie.fr\/index.php?rest_route=\/wp\/v2\/types\/page"}],"author":[{"embeddable":true,"href":"https:\/\/club-agile-normandie.fr\/index.php?rest_route=\/wp\/v2\/users\/7"}],"replies":[{"embeddable":true,"href":"https:\/\/club-agile-normandie.fr\/index.php?rest_route=%2Fwp%2Fv2%2Fcomments&post=4703"}],"version-history":[{"count":41,"href":"https:\/\/club-agile-normandie.fr\/index.php?rest_route=\/wp\/v2\/pages\/4703\/revisions"}],"predecessor-version":[{"id":6086,"href":"https:\/\/club-agile-normandie.fr\/index.php?rest_route=\/wp\/v2\/pages\/4703\/revisions\/6086"}],"wp:attachment":[{"href":"https:\/\/club-agile-normandie.fr\/index.php?rest_route=%2Fwp%2Fv2%2Fmedia&parent=4703"}],"curies":[{"name":"wp","href":"https:\/\/api.w.org\/{rel}","templated":true}]}}