{"id":3556,"date":"2020-09-18T14:36:50","date_gmt":"2020-09-18T12:36:50","guid":{"rendered":"https:\/\/gpsites.co\/wired\/?page_id=3556"},"modified":"2025-01-21T18:27:59","modified_gmt":"2025-01-21T17:27:59","slug":"meetups","status":"publish","type":"page","link":"https:\/\/club-agile-normandie.fr\/?page_id=3556","title":{"rendered":"Meet-up"},"content":{"rendered":"\n<p><\/p>\n\n\n<div class=\"gb-container gb-container-d0b1cd04\"><div class=\"gb-inside-container\">\n\n<p>Sous forme d&rsquo;ateliers ou de discussions, <strong>les Meet-ups<\/strong> permettent <strong>d\u2019apprendre et d&rsquo;\u00e9changer sur l\u2019agilit\u00e9<\/strong>. Ils ont r\u00e9guli\u00e8rement lieu \u00e0 <strong><a href=\"https:\/\/www.helloasso.com\/associations\/club-agile-normandie\" target=\"_blank\" rel=\"noreferrer noopener\">Caen<\/a> et <a href=\"https:\/\/www.helloasso.com\/associations\/club-agile-normandie\" target=\"_blank\" rel=\"noreferrer noopener\">Saint-L\u00f4<\/a> et, <\/strong>occasionnellement, <strong>\u00e0 <a href=\"https:\/\/www.helloasso.com\/associations\/club-agile-normandie\" target=\"_blank\" rel=\"noreferrer noopener\">Rouen<\/a><\/strong>. En outre, une \u00ab antenne virtuelle \u00bb organise des <strong><a href=\"https:\/\/www.helloasso.com\/associations\/club-agile-normandie\" data-type=\"link\" data-id=\"https:\/\/www.helloasso.com\/associations\/club-agile-normandie\" target=\"_blank\" rel=\"noreferrer noopener\">Meet-ups en ligne<\/a><\/strong> qui permettent au plus grand nombre, ind\u00e9pendamment de leur lieu de vie, de d\u00e9couvrir les outils num\u00e9riques de l\u2019agilit\u00e9.<\/p>\n\n\n\n<p><\/p>\n\n\n\n<p class=\"has-text-align-center\"><strong>Lien vers le site HelloAsso pour participer \u00e0 un Meet-up :<\/strong><\/p>\n\n\n<div class=\"wp-block-image\">\n<figure class=\"aligncenter size-thumbnail is-resized\"><a href=\"https:\/\/www.helloasso.com\/associations\/club-agile-normandie\" target=\"_blank\" rel=\" noreferrer noopener\"><img loading=\"lazy\" decoding=\"async\" width=\"150\" height=\"150\" src=\"https:\/\/club-agile-normandie.fr\/wp-content\/uploads\/2024\/12\/qr-code-Club-Agile-Normandie-Hello-Asso-150x150.png\" alt=\"\" class=\"wp-image-5915\" style=\"width:136px;height:auto\" srcset=\"https:\/\/club-agile-normandie.fr\/wp-content\/uploads\/2024\/12\/qr-code-Club-Agile-Normandie-Hello-Asso-150x150.png 150w, https:\/\/club-agile-normandie.fr\/wp-content\/uploads\/2024\/12\/qr-code-Club-Agile-Normandie-Hello-Asso-300x300.png 300w, https:\/\/club-agile-normandie.fr\/wp-content\/uploads\/2024\/12\/qr-code-Club-Agile-Normandie-Hello-Asso-1024x1024.png 1024w, https:\/\/club-agile-normandie.fr\/wp-content\/uploads\/2024\/12\/qr-code-Club-Agile-Normandie-Hello-Asso-768x768.png 768w, https:\/\/club-agile-normandie.fr\/wp-content\/uploads\/2024\/12\/qr-code-Club-Agile-Normandie-Hello-Asso.png 1127w\" sizes=\"auto, (max-width: 150px) 100vw, 150px\" \/><\/a><\/figure>\n<\/div>\n<\/div><\/div>\n\n<div class=\"gb-container gb-container-e3281d67\"><div class=\"gb-inside-container\"><\/div><\/div>\n\n\n<p class=\"has-contrast-2-color has-text-color\"><\/p>\n\n\n<div class=\"gb-container gb-container-477d6ec8\"><div class=\"gb-inside-container\">\n<div class=\"gb-grid-wrapper gb-grid-wrapper-f936ab9e\">\n<div class=\"gb-grid-column gb-grid-column-8457b168\"><div class=\"gb-container gb-container-8457b168\"><div class=\"gb-inside-container\">\n\n<figure class=\"wp-block-image size-large rounded-corners img\"><img loading=\"lazy\" decoding=\"async\" width=\"1024\" height=\"1024\" src=\"https:\/\/club-agile-normandie.fr\/wp-content\/uploads\/2022\/12\/LinkedIn-1024x1024.jpg\" alt=\"\" class=\"wp-image-5122\" srcset=\"https:\/\/club-agile-normandie.fr\/wp-content\/uploads\/2022\/12\/LinkedIn-1024x1024.jpg 1024w, https:\/\/club-agile-normandie.fr\/wp-content\/uploads\/2022\/12\/LinkedIn-300x300.jpg 300w, https:\/\/club-agile-normandie.fr\/wp-content\/uploads\/2022\/12\/LinkedIn-150x150.jpg 150w, https:\/\/club-agile-normandie.fr\/wp-content\/uploads\/2022\/12\/LinkedIn-768x768.jpg 768w, https:\/\/club-agile-normandie.fr\/wp-content\/uploads\/2022\/12\/LinkedIn.jpg 1200w\" sizes=\"auto, (max-width: 1024px) 100vw, 1024px\" \/><\/figure>\n\n\n\n<h3 class=\"gb-headline gb-headline-33244fff gb-headline-text\">Meet-up Caen<\/h3>\n\n\n\n<p>Le Club vous invite en g\u00e9n\u00e9ral les 1ers mardis du mois \u00e0 exp\u00e9rimenter un atelier de d\u00e9couverte agile.<br>Une inscription sur<strong> <a href=\"https:\/\/www.helloasso.com\/associations\/club-agile-normandie\" data-type=\"URL\" target=\"_blank\" rel=\"noreferrer noopener\">HelloAsso<\/a> <\/strong>est pr\u00e9conis\u00e9e pour nous permettre d&rsquo;adapter nos ateliers.<\/p>\n\n<\/div><\/div><\/div>\n\n<div class=\"gb-grid-column gb-grid-column-8e8cc5d8\"><div class=\"gb-container gb-container-8e8cc5d8\"><div class=\"gb-inside-container\">\n\n<figure class=\"wp-block-image size-large rounded-corners img\"><img loading=\"lazy\" decoding=\"async\" width=\"1024\" height=\"1024\" src=\"http:\/\/club-agile-normandie.fr\/wp-content\/uploads\/2022\/09\/LinkedIn-6-1024x1024.jpg\" alt=\"\" class=\"wp-image-4226\" srcset=\"https:\/\/club-agile-normandie.fr\/wp-content\/uploads\/2022\/09\/LinkedIn-6-1024x1024.jpg 1024w, https:\/\/club-agile-normandie.fr\/wp-content\/uploads\/2022\/09\/LinkedIn-6-300x300.jpg 300w, https:\/\/club-agile-normandie.fr\/wp-content\/uploads\/2022\/09\/LinkedIn-6-150x150.jpg 150w, https:\/\/club-agile-normandie.fr\/wp-content\/uploads\/2022\/09\/LinkedIn-6-768x768.jpg 768w, https:\/\/club-agile-normandie.fr\/wp-content\/uploads\/2022\/09\/LinkedIn-6.jpg 1200w\" sizes=\"auto, (max-width: 1024px) 100vw, 1024px\" \/><\/figure>\n\n\n\n<h3 class=\"gb-headline gb-headline-b27d2c40 gb-headline-text\">Meet-up St L\u00f4<\/h3>\n\n\n\n<p>En partenariat avec le p\u00f4le Agglo21, l&rsquo;antenne de St L\u00f4 organise une fois par trimestre un Meet-up \u00e0 St L\u00f4.<br>Une inscription sur <a rel=\"noreferrer noopener\" href=\"https:\/\/www.helloasso.com\/associations\/club-agile-normandie\" data-type=\"URL\" data-id=\"https:\/\/www.helloasso.com\/associations\/club-agile-normandie\" target=\"_blank\"><strong>HelloAsso <\/strong><\/a>est pr\u00e9conis\u00e9e pour nous permettre d&rsquo;adapter nos ateliers. <\/p>\n\n<\/div><\/div><\/div>\n\n<div class=\"gb-grid-column gb-grid-column-e7936bc4\"><div class=\"gb-container gb-container-e7936bc4\"><div class=\"gb-inside-container\">\n\n<figure class=\"wp-block-image size-large rounded-corners img\"><img loading=\"lazy\" decoding=\"async\" width=\"1024\" height=\"1024\" src=\"http:\/\/club-agile-normandie.fr\/wp-content\/uploads\/2022\/09\/LinkedIn-7-1024x1024.jpg\" alt=\"\" class=\"wp-image-4227\" srcset=\"https:\/\/club-agile-normandie.fr\/wp-content\/uploads\/2022\/09\/LinkedIn-7-1024x1024.jpg 1024w, https:\/\/club-agile-normandie.fr\/wp-content\/uploads\/2022\/09\/LinkedIn-7-300x300.jpg 300w, https:\/\/club-agile-normandie.fr\/wp-content\/uploads\/2022\/09\/LinkedIn-7-150x150.jpg 150w, https:\/\/club-agile-normandie.fr\/wp-content\/uploads\/2022\/09\/LinkedIn-7-768x768.jpg 768w, https:\/\/club-agile-normandie.fr\/wp-content\/uploads\/2022\/09\/LinkedIn-7.jpg 1200w\" sizes=\"auto, (max-width: 1024px) 100vw, 1024px\" \/><\/figure>\n\n\n\n<h3 class=\"gb-headline gb-headline-7344bd30 gb-headline-text\">Meet-up Cherbourg<\/h3>\n\n\n\n<p>L&rsquo;\u00e9quipe de Cherbourg vous accueille une fois par mois au sein de l&rsquo;IUT pour vous sensibiliser aux m\u00e9thodes agiles. <br>Une inscription sur <strong><a rel=\"noreferrer noopener\" href=\"https:\/\/www.helloasso.com\/associations\/club-agile-normandie\" data-type=\"URL\" data-id=\"https:\/\/www.helloasso.com\/associations\/club-agile-normandie\" target=\"_blank\">HelloAsso<\/a> <\/strong>est pr\u00e9conis\u00e9e pour nous permettre d&rsquo;adapter nos ateliers. <\/p>\n\n<\/div><\/div><\/div>\n\n<div class=\"gb-grid-column gb-grid-column-ee3e9dfc\"><div class=\"gb-container gb-container-ee3e9dfc\"><div class=\"gb-inside-container\">\n\n<h3 class=\"wp-block-heading has-text-align-center\"><\/h3>\n\n\n\n<figure class=\"wp-block-image size-large rounded-corners img\"><img loading=\"lazy\" decoding=\"async\" width=\"1024\" height=\"1024\" src=\"http:\/\/club-agile-normandie.fr\/wp-content\/uploads\/2022\/09\/LinkedIn-8-1024x1024.jpg\" alt=\"\" class=\"wp-image-4228\" srcset=\"https:\/\/club-agile-normandie.fr\/wp-content\/uploads\/2022\/09\/LinkedIn-8-1024x1024.jpg 1024w, https:\/\/club-agile-normandie.fr\/wp-content\/uploads\/2022\/09\/LinkedIn-8-300x300.jpg 300w, https:\/\/club-agile-normandie.fr\/wp-content\/uploads\/2022\/09\/LinkedIn-8-150x150.jpg 150w, https:\/\/club-agile-normandie.fr\/wp-content\/uploads\/2022\/09\/LinkedIn-8-768x768.jpg 768w, https:\/\/club-agile-normandie.fr\/wp-content\/uploads\/2022\/09\/LinkedIn-8.jpg 1200w\" sizes=\"auto, (max-width: 1024px) 100vw, 1024px\" \/><\/figure>\n\n\n\n<h3 class=\"gb-headline gb-headline-f168cb74 gb-headline-text\">Meet-up Rouen<\/h3>\n\n\n\n<p>Entour\u00e9 d&rsquo;un r\u00e9seau de partenaires, le club propose des Meet-ups ponctuellement.<br>Une inscription sur<strong> <a rel=\"noreferrer noopener\" href=\"https:\/\/www.helloasso.com\/associations\/club-agile-normandie\" data-type=\"URL\" data-id=\"https:\/\/www.helloasso.com\/associations\/club-agile-normandie\" target=\"_blank\">HelloAsso<\/a><\/strong> est pr\u00e9conis\u00e9e pour nous permettre d&rsquo;adapter nos ateliers. <\/p>\n\n<\/div><\/div><\/div>\n\n<div class=\"gb-grid-column gb-grid-column-cac76644\"><div class=\"gb-container gb-container-cac76644\"><div class=\"gb-inside-container\">\n\n<h3 class=\"wp-block-heading has-text-align-center\"><\/h3>\n\n\n\n<figure class=\"wp-block-image size-large rounded-corners img\"><img loading=\"lazy\" decoding=\"async\" width=\"1024\" height=\"1024\" src=\"http:\/\/club-agile-normandie.fr\/wp-content\/uploads\/2022\/09\/LinkedIn-9-1-1024x1024.jpg\" alt=\"\" class=\"wp-image-4231\" srcset=\"https:\/\/club-agile-normandie.fr\/wp-content\/uploads\/2022\/09\/LinkedIn-9-1-1024x1024.jpg 1024w, https:\/\/club-agile-normandie.fr\/wp-content\/uploads\/2022\/09\/LinkedIn-9-1-300x300.jpg 300w, https:\/\/club-agile-normandie.fr\/wp-content\/uploads\/2022\/09\/LinkedIn-9-1-150x150.jpg 150w, https:\/\/club-agile-normandie.fr\/wp-content\/uploads\/2022\/09\/LinkedIn-9-1-768x768.jpg 768w, https:\/\/club-agile-normandie.fr\/wp-content\/uploads\/2022\/09\/LinkedIn-9-1.jpg 1200w\" sizes=\"auto, (max-width: 1024px) 100vw, 1024px\" \/><\/figure>\n\n\n\n<p><\/p>\n\n\n\n<div class=\"wp-block-group is-vertical is-layout-flex wp-container-core-group-is-layout-8cf370e7 wp-block-group-is-layout-flex\">\n<h3 class=\"gb-headline gb-headline-3b2e7aca gb-headline-text\">Meet-up en ligne<\/h3>\n\n\n\n<p>Pendant la p\u00e9riode de pand\u00e9mie Covid, le Club a exp\u00e9riment\u00e9 les ateliers Agiles en ligne qui continuent d&rsquo;\u00eatre anim\u00e9s mensuellement. <br>Une inscription sur <a rel=\"noreferrer noopener\" href=\"https:\/\/www.helloasso.com\/associations\/club-agile-normandie\" target=\"_blank\"><strong>HelloAsso<\/strong><\/a> est pr\u00e9conis\u00e9e pour nous permettre d&rsquo;adapter nos ateliers. <\/p>\n<\/div>\n\n<\/div><\/div><\/div>\n\n<div class=\"gb-grid-column gb-grid-column-a7faebb4\"><div class=\"gb-container gb-container-a7faebb4\"><div class=\"gb-inside-container\">\n\n<h3 class=\"wp-block-heading has-text-align-center\"><\/h3>\n\n<\/div><\/div><\/div>\n<\/div>\n\n\n<div class=\"wp-block-buttons is-layout-flex wp-block-buttons-is-layout-flex\">\n<div class=\"wp-block-button\"><a class=\"wp-block-button__link wp-element-button\" href=\"https:\/\/www.linkedin.com\/company\/agilenormandie\" style=\"border-radius:0px\" target=\"_blank\" rel=\"noreferrer noopener\">Vers la page Linkedin du Club &gt;<\/a><\/div>\n<\/div>\n\n<\/div><\/div>","protected":false},"excerpt":{"rendered":"<p>Sous forme d&rsquo;ateliers ou de discussions, les Meet-ups permettent d\u2019apprendre et d&rsquo;\u00e9changer sur l\u2019agilit\u00e9. Ils ont r\u00e9guli\u00e8rement lieu \u00e0 Caen et Saint-L\u00f4 et, occasionnellement, \u00e0 Rouen. En outre, une \u00ab antenne virtuelle \u00bb organise des Meet-ups en ligne qui permettent au plus grand nombre, ind\u00e9pendamment de leur lieu de vie, de d\u00e9couvrir les outils num\u00e9riques &#8230; <a title=\"Meet-up\" class=\"read-more\" href=\"https:\/\/club-agile-normandie.fr\/?page_id=3556\" aria-label=\"Plus sur Meet-up\">Lire plus<\/a><\/p>\n","protected":false},"author":1,"featured_media":0,"parent":0,"menu_order":0,"comment_status":"closed","ping_status":"closed","template":"","meta":{"_themeisle_gutenberg_block_has_review":false,"footnotes":""},"class_list":["post-3556","page","type-page","status-publish"],"_links":{"self":[{"href":"https:\/\/club-agile-normandie.fr\/index.php?rest_route=\/wp\/v2\/pages\/3556","targetHints":{"allow":["GET"]}}],"collection":[{"href":"https:\/\/club-agile-normandie.fr\/index.php?rest_route=\/wp\/v2\/pages"}],"about":[{"href":"https:\/\/club-agile-normandie.fr\/index.php?rest_route=\/wp\/v2\/types\/page"}],"author":[{"embeddable":true,"href":"https:\/\/club-agile-normandie.fr\/index.php?rest_route=\/wp\/v2\/users\/1"}],"replies":[{"embeddable":true,"href":"https:\/\/club-agile-normandie.fr\/index.php?rest_route=%2Fwp%2Fv2%2Fcomments&post=3556"}],"version-history":[{"count":68,"href":"https:\/\/club-agile-normandie.fr\/index.php?rest_route=\/wp\/v2\/pages\/3556\/revisions"}],"predecessor-version":[{"id":6079,"href":"https:\/\/club-agile-normandie.fr\/index.php?rest_route=\/wp\/v2\/pages\/3556\/revisions\/6079"}],"wp:attachment":[{"href":"https:\/\/club-agile-normandie.fr\/index.php?rest_route=%2Fwp%2Fv2%2Fmedia&parent=3556"}],"curies":[{"name":"wp","href":"https:\/\/api.w.org\/{rel}","templated":true}]}}